{"id":21204,"date":"2025-07-22T19:16:39","date_gmt":"2025-07-22T17:16:39","guid":{"rendered":"https:\/\/uj.adatbank.ro\/lexikon\/termek\/szabo-jozsef-13\/"},"modified":"2025-07-22T19:16:39","modified_gmt":"2025-07-22T17:16:39","slug":"szabo-jozsef-13","status":"publish","type":"product","link":"https:\/\/uj.adatbank.ro\/lexikon\/termek\/szabo-jozsef-13\/","title":{"rendered":"SZAB\u00d3 J\u00f3zsef"},"content":{"rendered":"<p>1942., \u2020 Mv., 2004. nov. 16.: m\u00e9rn\u00f6k. \u2013 A mv.-i Maros K\u00e9szruhagy\u00e1r vez\u00e9rigazgat\u00f3ja. <br \/><strong>Irod.:<\/strong> [Nekrol\u00f3g] (N\u00fa., 2004. nov. 18.).<\/br><\/p>\n","protected":false},"excerpt":{"rendered":"<p>1942., \u2020 Mv., 2004. nov. 16.: m\u00e9rn\u00f6k. \u2013 A mv.-i Maros K\u00e9szruhagy\u00e1r vez\u00e9rigazgat\u00f3ja. Irod.: [Nekrol\u00f3g] (N\u00fa., 2004. nov. 18.).<\/p>\n","protected":false},"featured_media":0,"comment_status":"open","ping_status":"closed","template":"","meta":[],"product_brand":[],"product_cat":[137],"product_tag":[],"class_list":{"0":"post-21204","1":"product","2":"type-product","3":"status-publish","5":"product_cat-maros-megyei-eletrajzi-lexikon","7":"first","8":"instock","9":"shipping-taxable","10":"product-type-simple"},"_links":{"self":[{"href":"https:\/\/uj.adatbank.ro\/lexikon\/wp-json\/wp\/v2\/product\/21204","targetHints":{"allow":["GET"]}}],"collection":[{"href":"https:\/\/uj.adatbank.ro\/lexikon\/wp-json\/wp\/v2\/product"}],"about":[{"href":"https:\/\/uj.adatbank.ro\/lexikon\/wp-json\/wp\/v2\/types\/product"}],"replies":[{"embeddable":true,"href":"https:\/\/uj.adatbank.ro\/lexikon\/wp-json\/wp\/v2\/comments?post=21204"}],"wp:attachment":[{"href":"https:\/\/uj.adatbank.ro\/lexikon\/wp-json\/wp\/v2\/media?parent=21204"}],"wp:term":[{"taxonomy":"product_brand","embeddable":true,"href":"https:\/\/uj.adatbank.ro\/lexikon\/wp-json\/wp\/v2\/product_brand?post=21204"},{"taxonomy":"product_cat","embeddable":true,"href":"https:\/\/uj.adatbank.ro\/lexikon\/wp-json\/wp\/v2\/product_cat?post=21204"},{"taxonomy":"product_tag","embeddable":true,"href":"https:\/\/uj.adatbank.ro\/lexikon\/wp-json\/wp\/v2\/product_tag?post=21204"}],"curies":[{"name":"wp","href":"https:\/\/api.w.org\/{rel}","templated":true}]}}