{"id":21206,"date":"2025-07-22T19:16:44","date_gmt":"2025-07-22T17:16:44","guid":{"rendered":"https:\/\/uj.adatbank.ro\/lexikon\/termek\/szabo-jozsef-15\/"},"modified":"2025-07-22T19:16:44","modified_gmt":"2025-07-22T17:16:44","slug":"szabo-jozsef-15","status":"publish","type":"product","link":"https:\/\/uj.adatbank.ro\/lexikon\/termek\/szabo-jozsef-15\/","title":{"rendered":"SZAB\u00d3 J\u00f3zsef"},"content":{"rendered":"<p>? \u2020\u00a0Segesv\u00e1r, 1996. jan. 16.: igazgat\u00f3. \u2013 Brass\u00f3 megyei ICH ter\u00fcleti igazgat\u00f3ja, a kereszt\u00fari \u00e9s sz\u00e9kelyudvarhelyi ICH, a segesv\u00e1ri ICH volt igazgat\u00f3ja (1949\u201376). Munk\u00e1ss\u00e1g\u00e1\u00e9rt t\u00f6bb alkalommal t\u00fcntett\u00e9k ki. <br \/><strong>Irod.:<\/strong> [Nekrol\u00f3g] (N\u00fa., 1996. jan. 18.).<\/br><\/p>\n","protected":false},"excerpt":{"rendered":"<p>? \u2020\u00a0Segesv\u00e1r, 1996. jan. 16.: igazgat\u00f3. \u2013 Brass\u00f3 megyei ICH ter\u00fcleti igazgat\u00f3ja, a kereszt\u00fari \u00e9s sz\u00e9kelyudvarhelyi ICH, a segesv\u00e1ri ICH volt igazgat\u00f3ja (1949\u201376). Munk\u00e1ss\u00e1g\u00e1\u00e9rt t\u00f6bb alkalommal t\u00fcntett\u00e9k ki. Irod.: [Nekrol\u00f3g] (N\u00fa., 1996. jan. 18.).<\/p>\n","protected":false},"featured_media":0,"comment_status":"open","ping_status":"closed","template":"","meta":[],"product_brand":[],"product_cat":[137],"product_tag":[],"class_list":{"0":"post-21206","1":"product","2":"type-product","3":"status-publish","5":"product_cat-maros-megyei-eletrajzi-lexikon","7":"first","8":"instock","9":"shipping-taxable","10":"product-type-simple"},"_links":{"self":[{"href":"https:\/\/uj.adatbank.ro\/lexikon\/wp-json\/wp\/v2\/product\/21206","targetHints":{"allow":["GET"]}}],"collection":[{"href":"https:\/\/uj.adatbank.ro\/lexikon\/wp-json\/wp\/v2\/product"}],"about":[{"href":"https:\/\/uj.adatbank.ro\/lexikon\/wp-json\/wp\/v2\/types\/product"}],"replies":[{"embeddable":true,"href":"https:\/\/uj.adatbank.ro\/lexikon\/wp-json\/wp\/v2\/comments?post=21206"}],"wp:attachment":[{"href":"https:\/\/uj.adatbank.ro\/lexikon\/wp-json\/wp\/v2\/media?parent=21206"}],"wp:term":[{"taxonomy":"product_brand","embeddable":true,"href":"https:\/\/uj.adatbank.ro\/lexikon\/wp-json\/wp\/v2\/product_brand?post=21206"},{"taxonomy":"product_cat","embeddable":true,"href":"https:\/\/uj.adatbank.ro\/lexikon\/wp-json\/wp\/v2\/product_cat?post=21206"},{"taxonomy":"product_tag","embeddable":true,"href":"https:\/\/uj.adatbank.ro\/lexikon\/wp-json\/wp\/v2\/product_tag?post=21206"}],"curies":[{"name":"wp","href":"https:\/\/api.w.org\/{rel}","templated":true}]}}