{"id":21208,"date":"2025-07-22T19:16:47","date_gmt":"2025-07-22T17:16:47","guid":{"rendered":"https:\/\/uj.adatbank.ro\/lexikon\/termek\/szabo-jozsef-fogarasi\/"},"modified":"2025-07-22T19:16:47","modified_gmt":"2025-07-22T17:16:47","slug":"szabo-jozsef-fogarasi","status":"publish","type":"product","link":"https:\/\/uj.adatbank.ro\/lexikon\/termek\/szabo-jozsef-fogarasi\/","title":{"rendered":"SZAB\u00d3 J\u00f3zsef, fogarasi"},"content":{"rendered":"<p>1885., \u2020?: \u00e1llom\u00e1sf\u0151n\u00f6k. \u2013 K\u00f6z\u00e9piskol\u00e1it Mv.-en v\u00e9gezte, majd a M\u00c1V-hoz ker\u00fclt (1909\u2013), mint \u00e1llom\u00e1sf\u0151n\u00f6k t\u00f6bb helyen m\u0171k\u00f6d\u00f6tt, 28 \u00e9vi szolg\u00e1lat ut\u00e1n Sz\u00e9kelyb\u0151ben ment nyugd\u00edjba (1939). A boszniai h\u00e1bor\u00faban Ferenc J\u00f3zsef kereszttel t\u00fcntett\u00e9k ki (1908). <br \/><strong>Irod.:<\/strong> Sz\u00e9kelyf\u00f6ld \u00ed. k.<\/br><\/p>\n","protected":false},"excerpt":{"rendered":"<p>1885., \u2020?: \u00e1llom\u00e1sf\u0151n\u00f6k. \u2013 K\u00f6z\u00e9piskol\u00e1it Mv.-en v\u00e9gezte, majd a M\u00c1V-hoz ker\u00fclt (1909\u2013), mint \u00e1llom\u00e1sf\u0151n\u00f6k t\u00f6bb helyen m\u0171k\u00f6d\u00f6tt, 28 \u00e9vi szolg\u00e1lat ut\u00e1n Sz\u00e9kelyb\u0151ben ment nyugd\u00edjba (1939). A boszniai h\u00e1bor\u00faban Ferenc J\u00f3zsef kereszttel t\u00fcntett\u00e9k ki (1908). Irod.: Sz\u00e9kelyf\u00f6ld \u00ed. k.<\/p>\n","protected":false},"featured_media":0,"comment_status":"open","ping_status":"closed","template":"","meta":[],"product_brand":[],"product_cat":[137],"product_tag":[],"class_list":{"0":"post-21208","1":"product","2":"type-product","3":"status-publish","5":"product_cat-maros-megyei-eletrajzi-lexikon","7":"first","8":"instock","9":"shipping-taxable","10":"product-type-simple"},"_links":{"self":[{"href":"https:\/\/uj.adatbank.ro\/lexikon\/wp-json\/wp\/v2\/product\/21208","targetHints":{"allow":["GET"]}}],"collection":[{"href":"https:\/\/uj.adatbank.ro\/lexikon\/wp-json\/wp\/v2\/product"}],"about":[{"href":"https:\/\/uj.adatbank.ro\/lexikon\/wp-json\/wp\/v2\/types\/product"}],"replies":[{"embeddable":true,"href":"https:\/\/uj.adatbank.ro\/lexikon\/wp-json\/wp\/v2\/comments?post=21208"}],"wp:attachment":[{"href":"https:\/\/uj.adatbank.ro\/lexikon\/wp-json\/wp\/v2\/media?parent=21208"}],"wp:term":[{"taxonomy":"product_brand","embeddable":true,"href":"https:\/\/uj.adatbank.ro\/lexikon\/wp-json\/wp\/v2\/product_brand?post=21208"},{"taxonomy":"product_cat","embeddable":true,"href":"https:\/\/uj.adatbank.ro\/lexikon\/wp-json\/wp\/v2\/product_cat?post=21208"},{"taxonomy":"product_tag","embeddable":true,"href":"https:\/\/uj.adatbank.ro\/lexikon\/wp-json\/wp\/v2\/product_tag?post=21208"}],"curies":[{"name":"wp","href":"https:\/\/api.w.org\/{rel}","templated":true}]}}