{"id":21209,"date":"2025-07-22T19:16:49","date_gmt":"2025-07-22T17:16:49","guid":{"rendered":"https:\/\/uj.adatbank.ro\/lexikon\/termek\/szabo-jozsef-szentmiklosi\/"},"modified":"2025-07-22T19:16:49","modified_gmt":"2025-07-22T17:16:49","slug":"szabo-jozsef-szentmiklosi","status":"publish","type":"product","link":"https:\/\/uj.adatbank.ro\/lexikon\/termek\/szabo-jozsef-szentmiklosi\/","title":{"rendered":"SZAB\u00d3 J\u00f3zsef, szentmikl\u00f3si."},"content":{"rendered":"<p>? \u2020?: egyetemi tan\u00e1r. <br \/><strong>Irod.:<\/strong> L\u00e1day Gy\u0151z\u0151: Eml\u00e9kez\u00e9s k\u00e9t h\u00edrneves bp.-i egyetemi tan\u00e1rr\u00f3l: Dr. Balogh K\u00e1lm\u00e1n \u00e9s Szentmikl\u00f3si dr. Szab\u00f3 J\u00f3zsef (Bp., 1909).<\/br><\/p>\n","protected":false},"excerpt":{"rendered":"<p>? \u2020?: egyetemi tan\u00e1r. Irod.: L\u00e1day Gy\u0151z\u0151: Eml\u00e9kez\u00e9s k\u00e9t h\u00edrneves bp.-i egyetemi tan\u00e1rr\u00f3l: Dr. Balogh K\u00e1lm\u00e1n \u00e9s Szentmikl\u00f3si dr. Szab\u00f3 J\u00f3zsef (Bp., 1909).<\/p>\n","protected":false},"featured_media":0,"comment_status":"open","ping_status":"closed","template":"","meta":[],"product_brand":[],"product_cat":[137],"product_tag":[],"class_list":{"0":"post-21209","1":"product","2":"type-product","3":"status-publish","5":"product_cat-maros-megyei-eletrajzi-lexikon","7":"first","8":"instock","9":"shipping-taxable","10":"product-type-simple"},"_links":{"self":[{"href":"https:\/\/uj.adatbank.ro\/lexikon\/wp-json\/wp\/v2\/product\/21209","targetHints":{"allow":["GET"]}}],"collection":[{"href":"https:\/\/uj.adatbank.ro\/lexikon\/wp-json\/wp\/v2\/product"}],"about":[{"href":"https:\/\/uj.adatbank.ro\/lexikon\/wp-json\/wp\/v2\/types\/product"}],"replies":[{"embeddable":true,"href":"https:\/\/uj.adatbank.ro\/lexikon\/wp-json\/wp\/v2\/comments?post=21209"}],"wp:attachment":[{"href":"https:\/\/uj.adatbank.ro\/lexikon\/wp-json\/wp\/v2\/media?parent=21209"}],"wp:term":[{"taxonomy":"product_brand","embeddable":true,"href":"https:\/\/uj.adatbank.ro\/lexikon\/wp-json\/wp\/v2\/product_brand?post=21209"},{"taxonomy":"product_cat","embeddable":true,"href":"https:\/\/uj.adatbank.ro\/lexikon\/wp-json\/wp\/v2\/product_cat?post=21209"},{"taxonomy":"product_tag","embeddable":true,"href":"https:\/\/uj.adatbank.ro\/lexikon\/wp-json\/wp\/v2\/product_tag?post=21209"}],"curies":[{"name":"wp","href":"https:\/\/api.w.org\/{rel}","templated":true}]}}