{"id":2121,"date":"2025-06-28T12:04:24","date_gmt":"2025-06-28T10:04:24","guid":{"rendered":"https:\/\/uj.adatbank.ro\/lexikon\/termek\/ban-marton\/"},"modified":"2025-06-28T12:04:24","modified_gmt":"2025-06-28T10:04:24","slug":"ban-marton","status":"publish","type":"product","link":"https:\/\/uj.adatbank.ro\/lexikon\/termek\/ban-marton\/","title":{"rendered":"B\u00c1N M\u00e1rton"},"content":{"rendered":"<p>Ny\u00e1r\u00e1dszereda, 1914. febr. 15., \u2020 Kolovert, 1942. j\u00fal. 24.: t\u0171z\u00e9r. \u2013 Anyja: B\u00e1n Regina. \u2013 A 27. sz\u00e9kely honv\u00e9d gyalogezred \u00e9s a 27. sz\u00e9kely t\u00fcz\u00e9roszt\u00e1lynak tagja. Elesett a Don-kanyarban. <br \/><strong>Irod.:<\/strong> Berekm\u00e9ri 2015; Eml\u00e9kk\u00f6nyv a Don-kanyari \u00e1ldozatok\u00e9rt<\/br><\/p>\n","protected":false},"excerpt":{"rendered":"<p>Ny\u00e1r\u00e1dszereda, 1914. febr. 15., \u2020 Kolovert, 1942. j\u00fal. 24.: t\u0171z\u00e9r. \u2013 Anyja: B\u00e1n Regina. \u2013 A 27. sz\u00e9kely honv\u00e9d gyalogezred \u00e9s a 27. sz\u00e9kely t\u00fcz\u00e9roszt\u00e1lynak tagja. Elesett a Don-kanyarban. Irod.: Berekm\u00e9ri 2015; Eml\u00e9kk\u00f6nyv a Don-kanyari \u00e1ldozatok\u00e9rt<\/p>\n","protected":false},"featured_media":0,"comment_status":"open","ping_status":"closed","template":"","meta":[],"product_brand":[],"product_cat":[137],"product_tag":[],"class_list":{"0":"post-2121","1":"product","2":"type-product","3":"status-publish","5":"product_cat-maros-megyei-eletrajzi-lexikon","7":"first","8":"instock","9":"shipping-taxable","10":"product-type-simple"},"_links":{"self":[{"href":"https:\/\/uj.adatbank.ro\/lexikon\/wp-json\/wp\/v2\/product\/2121","targetHints":{"allow":["GET"]}}],"collection":[{"href":"https:\/\/uj.adatbank.ro\/lexikon\/wp-json\/wp\/v2\/product"}],"about":[{"href":"https:\/\/uj.adatbank.ro\/lexikon\/wp-json\/wp\/v2\/types\/product"}],"replies":[{"embeddable":true,"href":"https:\/\/uj.adatbank.ro\/lexikon\/wp-json\/wp\/v2\/comments?post=2121"}],"wp:attachment":[{"href":"https:\/\/uj.adatbank.ro\/lexikon\/wp-json\/wp\/v2\/media?parent=2121"}],"wp:term":[{"taxonomy":"product_brand","embeddable":true,"href":"https:\/\/uj.adatbank.ro\/lexikon\/wp-json\/wp\/v2\/product_brand?post=2121"},{"taxonomy":"product_cat","embeddable":true,"href":"https:\/\/uj.adatbank.ro\/lexikon\/wp-json\/wp\/v2\/product_cat?post=2121"},{"taxonomy":"product_tag","embeddable":true,"href":"https:\/\/uj.adatbank.ro\/lexikon\/wp-json\/wp\/v2\/product_tag?post=2121"}],"curies":[{"name":"wp","href":"https:\/\/api.w.org\/{rel}","templated":true}]}}