{"id":21210,"date":"2025-07-22T19:16:51","date_gmt":"2025-07-22T17:16:51","guid":{"rendered":"https:\/\/uj.adatbank.ro\/lexikon\/termek\/szabo-jozsef-janos\/"},"modified":"2025-07-22T19:16:51","modified_gmt":"2025-07-22T17:16:51","slug":"szabo-jozsef-janos","status":"publish","type":"product","link":"https:\/\/uj.adatbank.ro\/lexikon\/termek\/szabo-jozsef-janos\/","title":{"rendered":"SZAB\u00d3 J\u00f3zsef J\u00e1nos"},"content":{"rendered":"<p>? \u2020? t\u00f6rt\u00e9n\u00e9sz. \u2013 A m\u00e1sodik b\u00e9csi d\u00f6nt\u00e9s ut\u00e1ni n\u00e9gy esztend\u0151 t\u00f6rt\u00e9n\u00e9sei k\u00f6z\u00fcl a Sz\u00e9kelyf\u00f6ld katonai v\u00e9delm\u00e9re val\u00f3 felk\u00e9sz\u00edt\u00e9s\u00e9t t\u00e1rgyalta. <br \/><strong>Irod.:<\/strong> \u00c1rp\u00e1d-vonal (Bar\u00f3t, 2002); Sz\u00e9kelyf\u00f6ld k\u00f6rk\u00f6r\u00f6s er\u0151d\u00edt\u00e9se 1940\u201344. (Bar\u00f3t,2014).<\/br><\/p>\n","protected":false},"excerpt":{"rendered":"<p>? \u2020? t\u00f6rt\u00e9n\u00e9sz. \u2013 A m\u00e1sodik b\u00e9csi d\u00f6nt\u00e9s ut\u00e1ni n\u00e9gy esztend\u0151 t\u00f6rt\u00e9n\u00e9sei k\u00f6z\u00fcl a Sz\u00e9kelyf\u00f6ld katonai v\u00e9delm\u00e9re val\u00f3 felk\u00e9sz\u00edt\u00e9s\u00e9t t\u00e1rgyalta. Irod.: \u00c1rp\u00e1d-vonal (Bar\u00f3t, 2002); Sz\u00e9kelyf\u00f6ld k\u00f6rk\u00f6r\u00f6s er\u0151d\u00edt\u00e9se 1940\u201344. (Bar\u00f3t,2014).<\/p>\n","protected":false},"featured_media":0,"comment_status":"open","ping_status":"closed","template":"","meta":[],"product_brand":[],"product_cat":[137],"product_tag":[],"class_list":{"0":"post-21210","1":"product","2":"type-product","3":"status-publish","5":"product_cat-maros-megyei-eletrajzi-lexikon","7":"first","8":"instock","9":"shipping-taxable","10":"product-type-simple"},"_links":{"self":[{"href":"https:\/\/uj.adatbank.ro\/lexikon\/wp-json\/wp\/v2\/product\/21210","targetHints":{"allow":["GET"]}}],"collection":[{"href":"https:\/\/uj.adatbank.ro\/lexikon\/wp-json\/wp\/v2\/product"}],"about":[{"href":"https:\/\/uj.adatbank.ro\/lexikon\/wp-json\/wp\/v2\/types\/product"}],"replies":[{"embeddable":true,"href":"https:\/\/uj.adatbank.ro\/lexikon\/wp-json\/wp\/v2\/comments?post=21210"}],"wp:attachment":[{"href":"https:\/\/uj.adatbank.ro\/lexikon\/wp-json\/wp\/v2\/media?parent=21210"}],"wp:term":[{"taxonomy":"product_brand","embeddable":true,"href":"https:\/\/uj.adatbank.ro\/lexikon\/wp-json\/wp\/v2\/product_brand?post=21210"},{"taxonomy":"product_cat","embeddable":true,"href":"https:\/\/uj.adatbank.ro\/lexikon\/wp-json\/wp\/v2\/product_cat?post=21210"},{"taxonomy":"product_tag","embeddable":true,"href":"https:\/\/uj.adatbank.ro\/lexikon\/wp-json\/wp\/v2\/product_tag?post=21210"}],"curies":[{"name":"wp","href":"https:\/\/api.w.org\/{rel}","templated":true}]}}