{"id":21211,"date":"2025-07-22T19:16:53","date_gmt":"2025-07-22T17:16:53","guid":{"rendered":"https:\/\/uj.adatbank.ro\/lexikon\/termek\/szabo-julia\/"},"modified":"2025-07-22T19:16:53","modified_gmt":"2025-07-22T17:16:53","slug":"szabo-julia","status":"publish","type":"product","link":"https:\/\/uj.adatbank.ro\/lexikon\/termek\/szabo-julia\/","title":{"rendered":"SZAB\u00d3 J\u00falia"},"content":{"rendered":"<p>? \u2020?: a marosi kommunista p\u00e1rtker\u00fclet titk\u00e1ra. \u2013 A Marosi Kommunista P\u00e1rtker\u00fclet \u00e9l\u00e9re a MKP Tartom\u00e1nyi Bizotts\u00e1ga \u0151t v\u00e1lasztotta (1940). Cs\u00edkszered\u00e1ban letart\u00f3ztatt\u00e1k (1941), \u00e9s \u00e1tsz\u00e1ll\u00edtott\u00e1k Mv.-re. A vallat\u00e1s sor\u00e9n megt\u00f6rt \u00e9s lebuktatta szinte az eg\u00e9sz \u00e9szakerd\u00e9lyi kommunista h\u00e1l\u00f3zat vezet\u00e9s\u00e9t. <br \/><strong>Irod.:<\/strong> Id\u0151t\u00e1r 3.<\/br><\/p>\n","protected":false},"excerpt":{"rendered":"<p>? \u2020?: a marosi kommunista p\u00e1rtker\u00fclet titk\u00e1ra. \u2013 A Marosi Kommunista P\u00e1rtker\u00fclet \u00e9l\u00e9re a MKP Tartom\u00e1nyi Bizotts\u00e1ga \u0151t v\u00e1lasztotta (1940). Cs\u00edkszered\u00e1ban letart\u00f3ztatt\u00e1k (1941), \u00e9s \u00e1tsz\u00e1ll\u00edtott\u00e1k Mv.-re. A vallat\u00e1s sor\u00e9n megt\u00f6rt \u00e9s lebuktatta szinte az eg\u00e9sz \u00e9szakerd\u00e9lyi kommunista h\u00e1l\u00f3zat vezet\u00e9s\u00e9t. Irod.: Id\u0151t\u00e1r 3.<\/p>\n","protected":false},"featured_media":0,"comment_status":"open","ping_status":"closed","template":"","meta":[],"product_brand":[],"product_cat":[137],"product_tag":[],"class_list":{"0":"post-21211","1":"product","2":"type-product","3":"status-publish","5":"product_cat-maros-megyei-eletrajzi-lexikon","7":"first","8":"instock","9":"shipping-taxable","10":"product-type-simple"},"_links":{"self":[{"href":"https:\/\/uj.adatbank.ro\/lexikon\/wp-json\/wp\/v2\/product\/21211","targetHints":{"allow":["GET"]}}],"collection":[{"href":"https:\/\/uj.adatbank.ro\/lexikon\/wp-json\/wp\/v2\/product"}],"about":[{"href":"https:\/\/uj.adatbank.ro\/lexikon\/wp-json\/wp\/v2\/types\/product"}],"replies":[{"embeddable":true,"href":"https:\/\/uj.adatbank.ro\/lexikon\/wp-json\/wp\/v2\/comments?post=21211"}],"wp:attachment":[{"href":"https:\/\/uj.adatbank.ro\/lexikon\/wp-json\/wp\/v2\/media?parent=21211"}],"wp:term":[{"taxonomy":"product_brand","embeddable":true,"href":"https:\/\/uj.adatbank.ro\/lexikon\/wp-json\/wp\/v2\/product_brand?post=21211"},{"taxonomy":"product_cat","embeddable":true,"href":"https:\/\/uj.adatbank.ro\/lexikon\/wp-json\/wp\/v2\/product_cat?post=21211"},{"taxonomy":"product_tag","embeddable":true,"href":"https:\/\/uj.adatbank.ro\/lexikon\/wp-json\/wp\/v2\/product_tag?post=21211"}],"curies":[{"name":"wp","href":"https:\/\/api.w.org\/{rel}","templated":true}]}}