{"id":21212,"date":"2025-07-22T19:16:58","date_gmt":"2025-07-22T17:16:58","guid":{"rendered":"https:\/\/uj.adatbank.ro\/lexikon\/termek\/szabo-kalman\/"},"modified":"2025-07-22T19:16:58","modified_gmt":"2025-07-22T17:16:58","slug":"szabo-kalman","status":"publish","type":"product","link":"https:\/\/uj.adatbank.ro\/lexikon\/termek\/szabo-kalman\/","title":{"rendered":"SZAB\u00d3 K\u00e1lm\u00e1n"},"content":{"rendered":"<p>Mez\u0151bergenye, 1913., \u2020?: gazd\u00e1lkod\u00f3. \u2013 Fiatal kora \u00f3ta \u00f6nerej\u00e9b\u0151l tartotta fenn mag\u00e1t, \u00f6n\u00e1ll\u00f3 gazda Mez\u0151cs\u00e1v\u00e1son (1930\u2013). A Gazdak\u00f6r, a MP \u00e9s a sz\u00f6vetkezetek tagja volt. B\u00f6rt\u00f6nben is volt. <br \/><strong>Irod.:<\/strong> Sz\u00e9kelyf\u00f6ld \u00ed. k.<\/br><\/p>\n","protected":false},"excerpt":{"rendered":"<p>Mez\u0151bergenye, 1913., \u2020?: gazd\u00e1lkod\u00f3. \u2013 Fiatal kora \u00f3ta \u00f6nerej\u00e9b\u0151l tartotta fenn mag\u00e1t, \u00f6n\u00e1ll\u00f3 gazda Mez\u0151cs\u00e1v\u00e1son (1930\u2013). A Gazdak\u00f6r, a MP \u00e9s a sz\u00f6vetkezetek tagja volt. B\u00f6rt\u00f6nben is volt. Irod.: Sz\u00e9kelyf\u00f6ld \u00ed. k.<\/p>\n","protected":false},"featured_media":0,"comment_status":"open","ping_status":"closed","template":"","meta":[],"product_brand":[],"product_cat":[137],"product_tag":[],"class_list":{"0":"post-21212","1":"product","2":"type-product","3":"status-publish","5":"product_cat-maros-megyei-eletrajzi-lexikon","7":"first","8":"instock","9":"shipping-taxable","10":"product-type-simple"},"_links":{"self":[{"href":"https:\/\/uj.adatbank.ro\/lexikon\/wp-json\/wp\/v2\/product\/21212","targetHints":{"allow":["GET"]}}],"collection":[{"href":"https:\/\/uj.adatbank.ro\/lexikon\/wp-json\/wp\/v2\/product"}],"about":[{"href":"https:\/\/uj.adatbank.ro\/lexikon\/wp-json\/wp\/v2\/types\/product"}],"replies":[{"embeddable":true,"href":"https:\/\/uj.adatbank.ro\/lexikon\/wp-json\/wp\/v2\/comments?post=21212"}],"wp:attachment":[{"href":"https:\/\/uj.adatbank.ro\/lexikon\/wp-json\/wp\/v2\/media?parent=21212"}],"wp:term":[{"taxonomy":"product_brand","embeddable":true,"href":"https:\/\/uj.adatbank.ro\/lexikon\/wp-json\/wp\/v2\/product_brand?post=21212"},{"taxonomy":"product_cat","embeddable":true,"href":"https:\/\/uj.adatbank.ro\/lexikon\/wp-json\/wp\/v2\/product_cat?post=21212"},{"taxonomy":"product_tag","embeddable":true,"href":"https:\/\/uj.adatbank.ro\/lexikon\/wp-json\/wp\/v2\/product_tag?post=21212"}],"curies":[{"name":"wp","href":"https:\/\/api.w.org\/{rel}","templated":true}]}}