{"id":21215,"date":"2025-07-22T19:17:04","date_gmt":"2025-07-22T17:17:04","guid":{"rendered":"https:\/\/uj.adatbank.ro\/lexikon\/termek\/szabo-karoly-2\/"},"modified":"2025-07-22T19:17:04","modified_gmt":"2025-07-22T17:17:04","slug":"szabo-karoly-2","status":"publish","type":"product","link":"https:\/\/uj.adatbank.ro\/lexikon\/termek\/szabo-karoly-2\/","title":{"rendered":"SZAB\u00d3 K\u00e1roly"},"content":{"rendered":"<p>Lukafalva, 1903., \u2020?: ig. tan\u00edt\u00f3. \u2013 Iskol\u00e1it Nagyenyeden v\u00e9gezte (1923) Az \u00e1ltala szervezett dal\u00e1rd\u00e1val D\u00e9sen els\u0151 d\u00edjat nyert. Csend\u0151r\u00f6k elfogt\u00e1k \u00e9s a b\u00edr\u00f3s\u00e1g hivatalveszt\u00e9sre \u00edt\u00e9lte, Nagyteremiben iskolaigazgat\u00f3 volt (1940\u2013). <br \/><strong>Irod.:<\/strong> Sz\u00e9kelyf\u00f6ld \u00ed. k.<\/br><\/p>\n","protected":false},"excerpt":{"rendered":"<p>Lukafalva, 1903., \u2020?: ig. tan\u00edt\u00f3. \u2013 Iskol\u00e1it Nagyenyeden v\u00e9gezte (1923) Az \u00e1ltala szervezett dal\u00e1rd\u00e1val D\u00e9sen els\u0151 d\u00edjat nyert. Csend\u0151r\u00f6k elfogt\u00e1k \u00e9s a b\u00edr\u00f3s\u00e1g hivatalveszt\u00e9sre \u00edt\u00e9lte, Nagyteremiben iskolaigazgat\u00f3 volt (1940\u2013). Irod.: Sz\u00e9kelyf\u00f6ld \u00ed. k.<\/p>\n","protected":false},"featured_media":0,"comment_status":"open","ping_status":"closed","template":"","meta":[],"product_brand":[],"product_cat":[137],"product_tag":[],"class_list":{"0":"post-21215","1":"product","2":"type-product","3":"status-publish","5":"product_cat-maros-megyei-eletrajzi-lexikon","7":"first","8":"instock","9":"shipping-taxable","10":"product-type-simple"},"_links":{"self":[{"href":"https:\/\/uj.adatbank.ro\/lexikon\/wp-json\/wp\/v2\/product\/21215","targetHints":{"allow":["GET"]}}],"collection":[{"href":"https:\/\/uj.adatbank.ro\/lexikon\/wp-json\/wp\/v2\/product"}],"about":[{"href":"https:\/\/uj.adatbank.ro\/lexikon\/wp-json\/wp\/v2\/types\/product"}],"replies":[{"embeddable":true,"href":"https:\/\/uj.adatbank.ro\/lexikon\/wp-json\/wp\/v2\/comments?post=21215"}],"wp:attachment":[{"href":"https:\/\/uj.adatbank.ro\/lexikon\/wp-json\/wp\/v2\/media?parent=21215"}],"wp:term":[{"taxonomy":"product_brand","embeddable":true,"href":"https:\/\/uj.adatbank.ro\/lexikon\/wp-json\/wp\/v2\/product_brand?post=21215"},{"taxonomy":"product_cat","embeddable":true,"href":"https:\/\/uj.adatbank.ro\/lexikon\/wp-json\/wp\/v2\/product_cat?post=21215"},{"taxonomy":"product_tag","embeddable":true,"href":"https:\/\/uj.adatbank.ro\/lexikon\/wp-json\/wp\/v2\/product_tag?post=21215"}],"curies":[{"name":"wp","href":"https:\/\/api.w.org\/{rel}","templated":true}]}}