{"id":21219,"date":"2025-07-22T19:17:11","date_gmt":"2025-07-22T17:17:11","guid":{"rendered":"https:\/\/uj.adatbank.ro\/lexikon\/termek\/szabo-karoly-%c2%a7\/"},"modified":"2025-07-22T19:17:11","modified_gmt":"2025-07-22T17:17:11","slug":"szabo-karoly-%c2%a7","status":"publish","type":"product","link":"https:\/\/uj.adatbank.ro\/lexikon\/termek\/szabo-karoly-%c2%a7\/","title":{"rendered":"SZAB\u00d3 K\u00e1roly, \u00a7"},"content":{"rendered":"<p>Nagysolymos, 1919. nov. 23., \u2020?: ref. lelk\u00e9sz. \u2013 Sz. K. (1887\u20131969) \u00e9s Fekete Ilus (1896\u20131960) fia. A mv.-i Ref. Koll.-ban tanult (1929\u201337), Kv.-on v\u00e9gezte a lp. k\u00e9pz\u0151t (1937\u201342), oklevelet szerzett (1943). Kiss Lajos esperesn\u00e9l Magyar\u00f3n k\u00e1pl\u00e1n (1942\u201343). K\u00e9s\u0151bb Csittszentiv\u00e1nyon lelk\u00e9sz. <br \/><strong>Irod.:<\/strong> B\u00f6jthe Andor: A G\u00f6rg\u00e9nyi ev. ref. egyh\u00e1zmegye t\u00f6rt\u00e9nete [k\u00e9zirat]; csal\u00e1di inf.<\/br><\/p>\n","protected":false},"excerpt":{"rendered":"<p>Nagysolymos, 1919. nov. 23., \u2020?: ref. lelk\u00e9sz. \u2013 Sz. K. (1887\u20131969) \u00e9s Fekete Ilus (1896\u20131960) fia. A mv.-i Ref. Koll.-ban tanult (1929\u201337), Kv.-on v\u00e9gezte a lp. k\u00e9pz\u0151t (1937\u201342), oklevelet szerzett (1943). Kiss Lajos esperesn\u00e9l Magyar\u00f3n k\u00e1pl\u00e1n (1942\u201343). K\u00e9s\u0151bb Csittszentiv\u00e1nyon lelk\u00e9sz. Irod.: B\u00f6jthe Andor: A G\u00f6rg\u00e9nyi ev. ref. egyh\u00e1zmegye t\u00f6rt\u00e9nete [k\u00e9zirat]; csal\u00e1di inf.<\/p>\n","protected":false},"featured_media":0,"comment_status":"open","ping_status":"closed","template":"","meta":[],"product_brand":[],"product_cat":[137],"product_tag":[],"class_list":{"0":"post-21219","1":"product","2":"type-product","3":"status-publish","5":"product_cat-maros-megyei-eletrajzi-lexikon","7":"first","8":"instock","9":"shipping-taxable","10":"product-type-simple"},"_links":{"self":[{"href":"https:\/\/uj.adatbank.ro\/lexikon\/wp-json\/wp\/v2\/product\/21219","targetHints":{"allow":["GET"]}}],"collection":[{"href":"https:\/\/uj.adatbank.ro\/lexikon\/wp-json\/wp\/v2\/product"}],"about":[{"href":"https:\/\/uj.adatbank.ro\/lexikon\/wp-json\/wp\/v2\/types\/product"}],"replies":[{"embeddable":true,"href":"https:\/\/uj.adatbank.ro\/lexikon\/wp-json\/wp\/v2\/comments?post=21219"}],"wp:attachment":[{"href":"https:\/\/uj.adatbank.ro\/lexikon\/wp-json\/wp\/v2\/media?parent=21219"}],"wp:term":[{"taxonomy":"product_brand","embeddable":true,"href":"https:\/\/uj.adatbank.ro\/lexikon\/wp-json\/wp\/v2\/product_brand?post=21219"},{"taxonomy":"product_cat","embeddable":true,"href":"https:\/\/uj.adatbank.ro\/lexikon\/wp-json\/wp\/v2\/product_cat?post=21219"},{"taxonomy":"product_tag","embeddable":true,"href":"https:\/\/uj.adatbank.ro\/lexikon\/wp-json\/wp\/v2\/product_tag?post=21219"}],"curies":[{"name":"wp","href":"https:\/\/api.w.org\/{rel}","templated":true}]}}