{"id":21220,"date":"2025-07-22T19:17:13","date_gmt":"2025-07-22T17:17:13","guid":{"rendered":"https:\/\/uj.adatbank.ro\/lexikon\/termek\/szabo-karoly-szabo-carol\/"},"modified":"2025-07-22T19:17:13","modified_gmt":"2025-07-22T17:17:13","slug":"szabo-karoly-szabo-carol","status":"publish","type":"product","link":"https:\/\/uj.adatbank.ro\/lexikon\/termek\/szabo-karoly-szabo-carol\/","title":{"rendered":"SZAB\u00d3 K\u00e1roly, Szab\u00f3 Carol"},"content":{"rendered":"<p>1926., \u2020 Mv., 2003. \u00e1pr. 24.: t\u00f6rv\u00e9nysz\u00e9ki b\u00edr\u00f3. \u2013 Munk\u00e1s sz\u00e1rmaz\u00e1s\u00fa. A mv.-i T\u00f6rv\u00e9nysz\u00e9ken \u00e1llam\u00fcgy\u00e9sz (1951 \u2013 k. \u2013). <br \/><strong>Irod.:<\/strong> Bartos 2012; [Nekrol\u00f3g] (N\u00fa., 2003. \u00e1pr. 25.).<\/br><\/p>\n","protected":false},"excerpt":{"rendered":"<p>1926., \u2020 Mv., 2003. \u00e1pr. 24.: t\u00f6rv\u00e9nysz\u00e9ki b\u00edr\u00f3. \u2013 Munk\u00e1s sz\u00e1rmaz\u00e1s\u00fa. A mv.-i T\u00f6rv\u00e9nysz\u00e9ken \u00e1llam\u00fcgy\u00e9sz (1951 \u2013 k. \u2013). Irod.: Bartos 2012; [Nekrol\u00f3g] (N\u00fa., 2003. \u00e1pr. 25.).<\/p>\n","protected":false},"featured_media":0,"comment_status":"open","ping_status":"closed","template":"","meta":[],"product_brand":[],"product_cat":[137],"product_tag":[],"class_list":{"0":"post-21220","1":"product","2":"type-product","3":"status-publish","5":"product_cat-maros-megyei-eletrajzi-lexikon","7":"first","8":"instock","9":"shipping-taxable","10":"product-type-simple"},"_links":{"self":[{"href":"https:\/\/uj.adatbank.ro\/lexikon\/wp-json\/wp\/v2\/product\/21220","targetHints":{"allow":["GET"]}}],"collection":[{"href":"https:\/\/uj.adatbank.ro\/lexikon\/wp-json\/wp\/v2\/product"}],"about":[{"href":"https:\/\/uj.adatbank.ro\/lexikon\/wp-json\/wp\/v2\/types\/product"}],"replies":[{"embeddable":true,"href":"https:\/\/uj.adatbank.ro\/lexikon\/wp-json\/wp\/v2\/comments?post=21220"}],"wp:attachment":[{"href":"https:\/\/uj.adatbank.ro\/lexikon\/wp-json\/wp\/v2\/media?parent=21220"}],"wp:term":[{"taxonomy":"product_brand","embeddable":true,"href":"https:\/\/uj.adatbank.ro\/lexikon\/wp-json\/wp\/v2\/product_brand?post=21220"},{"taxonomy":"product_cat","embeddable":true,"href":"https:\/\/uj.adatbank.ro\/lexikon\/wp-json\/wp\/v2\/product_cat?post=21220"},{"taxonomy":"product_tag","embeddable":true,"href":"https:\/\/uj.adatbank.ro\/lexikon\/wp-json\/wp\/v2\/product_tag?post=21220"}],"curies":[{"name":"wp","href":"https:\/\/api.w.org\/{rel}","templated":true}]}}