{"id":21223,"date":"2025-07-22T19:17:21","date_gmt":"2025-07-22T17:17:21","guid":{"rendered":"https:\/\/uj.adatbank.ro\/lexikon\/termek\/szabo-lajos\/"},"modified":"2025-07-22T19:17:21","modified_gmt":"2025-07-22T17:17:21","slug":"szabo-lajos","status":"publish","type":"product","link":"https:\/\/uj.adatbank.ro\/lexikon\/termek\/szabo-lajos\/","title":{"rendered":"SZAB\u00d3 Lajos"},"content":{"rendered":"<p>? \u2020\u00a0Kv., 1838. nov. 30.: r. k. pap. \u2013 Papp\u00e1 szentelt\u00e9k (1817. szept. 7.). K\u00e1pl\u00e1n Kv.-on (1817), teol\u00f3giai tan\u00e1r Gyulafeh\u00e9rv\u00e1ron (1820\u201328), Mv.-en tan\u00e1r (1829\u2013). <br \/><strong>Irod.:<\/strong> Ferenczi S\u00e1ndor 2009.<\/br><\/p>\n","protected":false},"excerpt":{"rendered":"<p>? \u2020\u00a0Kv., 1838. nov. 30.: r. k. pap. \u2013 Papp\u00e1 szentelt\u00e9k (1817. szept. 7.). K\u00e1pl\u00e1n Kv.-on (1817), teol\u00f3giai tan\u00e1r Gyulafeh\u00e9rv\u00e1ron (1820\u201328), Mv.-en tan\u00e1r (1829\u2013). Irod.: Ferenczi S\u00e1ndor 2009.<\/p>\n","protected":false},"featured_media":0,"comment_status":"open","ping_status":"closed","template":"","meta":[],"product_brand":[],"product_cat":[137],"product_tag":[],"class_list":{"0":"post-21223","1":"product","2":"type-product","3":"status-publish","5":"product_cat-maros-megyei-eletrajzi-lexikon","7":"first","8":"instock","9":"shipping-taxable","10":"product-type-simple"},"_links":{"self":[{"href":"https:\/\/uj.adatbank.ro\/lexikon\/wp-json\/wp\/v2\/product\/21223","targetHints":{"allow":["GET"]}}],"collection":[{"href":"https:\/\/uj.adatbank.ro\/lexikon\/wp-json\/wp\/v2\/product"}],"about":[{"href":"https:\/\/uj.adatbank.ro\/lexikon\/wp-json\/wp\/v2\/types\/product"}],"replies":[{"embeddable":true,"href":"https:\/\/uj.adatbank.ro\/lexikon\/wp-json\/wp\/v2\/comments?post=21223"}],"wp:attachment":[{"href":"https:\/\/uj.adatbank.ro\/lexikon\/wp-json\/wp\/v2\/media?parent=21223"}],"wp:term":[{"taxonomy":"product_brand","embeddable":true,"href":"https:\/\/uj.adatbank.ro\/lexikon\/wp-json\/wp\/v2\/product_brand?post=21223"},{"taxonomy":"product_cat","embeddable":true,"href":"https:\/\/uj.adatbank.ro\/lexikon\/wp-json\/wp\/v2\/product_cat?post=21223"},{"taxonomy":"product_tag","embeddable":true,"href":"https:\/\/uj.adatbank.ro\/lexikon\/wp-json\/wp\/v2\/product_tag?post=21223"}],"curies":[{"name":"wp","href":"https:\/\/api.w.org\/{rel}","templated":true}]}}