{"id":21228,"date":"2025-07-22T19:17:30","date_gmt":"2025-07-22T17:17:30","guid":{"rendered":"https:\/\/uj.adatbank.ro\/lexikon\/termek\/szabo-lajos-6\/"},"modified":"2025-07-22T19:17:30","modified_gmt":"2025-07-22T17:17:30","slug":"szabo-lajos-6","status":"publish","type":"product","link":"https:\/\/uj.adatbank.ro\/lexikon\/termek\/szabo-lajos-6\/","title":{"rendered":"SZAB\u00d3 Lajos"},"content":{"rendered":"<p>?, 1923?, \u2020\u00a0Kv., 2001. aug. 6.: b\u0151rgy\u00f3gy\u00e1sz. a BTE mv.-i orvosi kar\u00e1nak els\u0151 doktorai sor\u00e1ban v\u00e9gzett: cum laude (1947). <br \/><strong>Irod.:<\/strong> Komj\u00e1tszegi.<\/br><\/p>\n","protected":false},"excerpt":{"rendered":"<p>?, 1923?, \u2020\u00a0Kv., 2001. aug. 6.: b\u0151rgy\u00f3gy\u00e1sz. a BTE mv.-i orvosi kar\u00e1nak els\u0151 doktorai sor\u00e1ban v\u00e9gzett: cum laude (1947). Irod.: Komj\u00e1tszegi.<\/p>\n","protected":false},"featured_media":0,"comment_status":"open","ping_status":"closed","template":"","meta":[],"product_brand":[],"product_cat":[137],"product_tag":[],"class_list":{"0":"post-21228","1":"product","2":"type-product","3":"status-publish","5":"product_cat-maros-megyei-eletrajzi-lexikon","7":"first","8":"instock","9":"shipping-taxable","10":"product-type-simple"},"_links":{"self":[{"href":"https:\/\/uj.adatbank.ro\/lexikon\/wp-json\/wp\/v2\/product\/21228","targetHints":{"allow":["GET"]}}],"collection":[{"href":"https:\/\/uj.adatbank.ro\/lexikon\/wp-json\/wp\/v2\/product"}],"about":[{"href":"https:\/\/uj.adatbank.ro\/lexikon\/wp-json\/wp\/v2\/types\/product"}],"replies":[{"embeddable":true,"href":"https:\/\/uj.adatbank.ro\/lexikon\/wp-json\/wp\/v2\/comments?post=21228"}],"wp:attachment":[{"href":"https:\/\/uj.adatbank.ro\/lexikon\/wp-json\/wp\/v2\/media?parent=21228"}],"wp:term":[{"taxonomy":"product_brand","embeddable":true,"href":"https:\/\/uj.adatbank.ro\/lexikon\/wp-json\/wp\/v2\/product_brand?post=21228"},{"taxonomy":"product_cat","embeddable":true,"href":"https:\/\/uj.adatbank.ro\/lexikon\/wp-json\/wp\/v2\/product_cat?post=21228"},{"taxonomy":"product_tag","embeddable":true,"href":"https:\/\/uj.adatbank.ro\/lexikon\/wp-json\/wp\/v2\/product_tag?post=21228"}],"curies":[{"name":"wp","href":"https:\/\/api.w.org\/{rel}","templated":true}]}}