{"id":21232,"date":"2025-07-22T19:17:36","date_gmt":"2025-07-22T17:17:36","guid":{"rendered":"https:\/\/uj.adatbank.ro\/lexikon\/termek\/szabo-lajos-imre-p\/"},"modified":"2025-07-22T19:17:36","modified_gmt":"2025-07-22T17:17:36","slug":"szabo-lajos-imre-p","status":"publish","type":"product","link":"https:\/\/uj.adatbank.ro\/lexikon\/termek\/szabo-lajos-imre-p\/","title":{"rendered":"SZAB\u00d3 Lajos Imre, P."},"content":{"rendered":"<p>Cs\u00edkszentm\u00e1rton, 1815. m\u00e1rc. 22., \u2020 Mikh\u00e1za, 1889. j\u00fan. 11.: ferences szerzetes. \u2013 Be\u00f6lt\u00f6z\u00f6tt (1833. szept. 7.), felszentelt\u00e9k (1839. aug. 22.). <br \/><strong>Irod.:<\/strong> Gy\u00f6rgy: A ferencrendiek.<\/br><\/p>\n","protected":false},"excerpt":{"rendered":"<p>Cs\u00edkszentm\u00e1rton, 1815. m\u00e1rc. 22., \u2020 Mikh\u00e1za, 1889. j\u00fan. 11.: ferences szerzetes. \u2013 Be\u00f6lt\u00f6z\u00f6tt (1833. szept. 7.), felszentelt\u00e9k (1839. aug. 22.). Irod.: Gy\u00f6rgy: A ferencrendiek.<\/p>\n","protected":false},"featured_media":0,"comment_status":"open","ping_status":"closed","template":"","meta":[],"product_brand":[],"product_cat":[137],"product_tag":[],"class_list":{"0":"post-21232","1":"product","2":"type-product","3":"status-publish","5":"product_cat-maros-megyei-eletrajzi-lexikon","7":"first","8":"instock","9":"shipping-taxable","10":"product-type-simple"},"_links":{"self":[{"href":"https:\/\/uj.adatbank.ro\/lexikon\/wp-json\/wp\/v2\/product\/21232","targetHints":{"allow":["GET"]}}],"collection":[{"href":"https:\/\/uj.adatbank.ro\/lexikon\/wp-json\/wp\/v2\/product"}],"about":[{"href":"https:\/\/uj.adatbank.ro\/lexikon\/wp-json\/wp\/v2\/types\/product"}],"replies":[{"embeddable":true,"href":"https:\/\/uj.adatbank.ro\/lexikon\/wp-json\/wp\/v2\/comments?post=21232"}],"wp:attachment":[{"href":"https:\/\/uj.adatbank.ro\/lexikon\/wp-json\/wp\/v2\/media?parent=21232"}],"wp:term":[{"taxonomy":"product_brand","embeddable":true,"href":"https:\/\/uj.adatbank.ro\/lexikon\/wp-json\/wp\/v2\/product_brand?post=21232"},{"taxonomy":"product_cat","embeddable":true,"href":"https:\/\/uj.adatbank.ro\/lexikon\/wp-json\/wp\/v2\/product_cat?post=21232"},{"taxonomy":"product_tag","embeddable":true,"href":"https:\/\/uj.adatbank.ro\/lexikon\/wp-json\/wp\/v2\/product_tag?post=21232"}],"curies":[{"name":"wp","href":"https:\/\/api.w.org\/{rel}","templated":true}]}}