{"id":21237,"date":"2025-07-22T19:17:48","date_gmt":"2025-07-22T17:17:48","guid":{"rendered":"https:\/\/uj.adatbank.ro\/lexikon\/termek\/szabo-laszlo-4\/"},"modified":"2025-07-22T19:17:48","modified_gmt":"2025-07-22T17:17:48","slug":"szabo-laszlo-4","status":"publish","type":"product","link":"https:\/\/uj.adatbank.ro\/lexikon\/termek\/szabo-laszlo-4\/","title":{"rendered":"SZAB\u00d3 L\u00e1szl\u00f3"},"content":{"rendered":"<p>Homor\u00f3dszentp\u00e1l, 1905., \u2020?: tan\u00edt\u00f3 Ab\u00e1sfalv\u00e1n (Har.). \u2013 Tanulm\u00e1nyait Sz\u00e9kelykereszt\u00faron v\u00e9gezte (1924), Ab\u00e1sfalv\u00e1n tan\u00edtott (1939\u2013). Minden kultur\u00e1lis int\u00e9zm\u00e9ny munk\u00e1j\u00e1ban r\u00e9szt vett, a Gazdak\u00f6r, a Hangya a Tejsz\u00f6v. \u00e9s a Dal\u00e1rda vezet\u0151s\u00e9gi tagja volt. <br \/><strong>Irod.:<\/strong> Sz\u00e9kelyf\u00f6ld \u00ed.k; Ab\u00e1sfalva Har.<\/br><\/p>\n","protected":false},"excerpt":{"rendered":"<p>Homor\u00f3dszentp\u00e1l, 1905., \u2020?: tan\u00edt\u00f3 Ab\u00e1sfalv\u00e1n (Har.). \u2013 Tanulm\u00e1nyait Sz\u00e9kelykereszt\u00faron v\u00e9gezte (1924), Ab\u00e1sfalv\u00e1n tan\u00edtott (1939\u2013). Minden kultur\u00e1lis int\u00e9zm\u00e9ny munk\u00e1j\u00e1ban r\u00e9szt vett, a Gazdak\u00f6r, a Hangya a Tejsz\u00f6v. \u00e9s a Dal\u00e1rda vezet\u0151s\u00e9gi tagja volt. Irod.: Sz\u00e9kelyf\u00f6ld \u00ed.k; Ab\u00e1sfalva Har.<\/p>\n","protected":false},"featured_media":0,"comment_status":"open","ping_status":"closed","template":"","meta":[],"product_brand":[],"product_cat":[137],"product_tag":[],"class_list":{"0":"post-21237","1":"product","2":"type-product","3":"status-publish","5":"product_cat-maros-megyei-eletrajzi-lexikon","7":"first","8":"instock","9":"shipping-taxable","10":"product-type-simple"},"_links":{"self":[{"href":"https:\/\/uj.adatbank.ro\/lexikon\/wp-json\/wp\/v2\/product\/21237","targetHints":{"allow":["GET"]}}],"collection":[{"href":"https:\/\/uj.adatbank.ro\/lexikon\/wp-json\/wp\/v2\/product"}],"about":[{"href":"https:\/\/uj.adatbank.ro\/lexikon\/wp-json\/wp\/v2\/types\/product"}],"replies":[{"embeddable":true,"href":"https:\/\/uj.adatbank.ro\/lexikon\/wp-json\/wp\/v2\/comments?post=21237"}],"wp:attachment":[{"href":"https:\/\/uj.adatbank.ro\/lexikon\/wp-json\/wp\/v2\/media?parent=21237"}],"wp:term":[{"taxonomy":"product_brand","embeddable":true,"href":"https:\/\/uj.adatbank.ro\/lexikon\/wp-json\/wp\/v2\/product_brand?post=21237"},{"taxonomy":"product_cat","embeddable":true,"href":"https:\/\/uj.adatbank.ro\/lexikon\/wp-json\/wp\/v2\/product_cat?post=21237"},{"taxonomy":"product_tag","embeddable":true,"href":"https:\/\/uj.adatbank.ro\/lexikon\/wp-json\/wp\/v2\/product_tag?post=21237"}],"curies":[{"name":"wp","href":"https:\/\/api.w.org\/{rel}","templated":true}]}}