{"id":21238,"date":"2025-07-22T19:17:50","date_gmt":"2025-07-22T17:17:50","guid":{"rendered":"https:\/\/uj.adatbank.ro\/lexikon\/termek\/szabo-laszlo-5\/"},"modified":"2025-07-22T19:17:50","modified_gmt":"2025-07-22T17:17:50","slug":"szabo-laszlo-5","status":"publish","type":"product","link":"https:\/\/uj.adatbank.ro\/lexikon\/termek\/szabo-laszlo-5\/","title":{"rendered":"SZAB\u00d3 L\u00e1szl\u00f3"},"content":{"rendered":"<p>? \u2020?: tan\u00e1r. \u2013 Az Al. Papiu Ilarian L\u00edc.-ban tan\u00edtott f\u00f6ldrajzot (1930\u2013); tan\u00e1r a mv.-i Fels\u0151bb Kereskedelmi iskol\u00e1ban (1927\u201339). A mv.-i Ref. Koll. \u00f3raad\u00f3 tan\u00e1ra volt (1930\u201333). \u2013 <strong>F. m.<\/strong>: <strong>t\u00e1rssz.:<\/strong> Anuarul Liceului de B\u0103ie\u0163i Al Papiu Ilarian din T\u00e2rgu Mure\u015f pe anii 1932\u201333, 1933\u201334, 1934\u201335 (Tg. M, 1936), <br \/><strong>Irod.:<\/strong> Ciortea; F\u00fcl\u00f6p\u2013Ferencz; \u00cenv. comercial econ; M\u0103rtina\u015f; Mv. t\u00f6rt. 2.<\/br><\/p>\n","protected":false},"excerpt":{"rendered":"<p>? \u2020?: tan\u00e1r. \u2013 Az Al. Papiu Ilarian L\u00edc.-ban tan\u00edtott f\u00f6ldrajzot (1930\u2013); tan\u00e1r a mv.-i Fels\u0151bb Kereskedelmi iskol\u00e1ban (1927\u201339). A mv.-i Ref. Koll. \u00f3raad\u00f3 tan\u00e1ra volt (1930\u201333). \u2013 F. m.: t\u00e1rssz.: Anuarul Liceului de B\u0103ie\u0163i Al Papiu Ilarian din T\u00e2rgu Mure\u015f pe anii 1932\u201333, 1933\u201334, 1934\u201335 (Tg. M, 1936), Irod.: Ciortea; F\u00fcl\u00f6p\u2013Ferencz; \u00cenv. comercial econ; [&hellip;]<\/p>\n","protected":false},"featured_media":0,"comment_status":"open","ping_status":"closed","template":"","meta":[],"product_brand":[],"product_cat":[137],"product_tag":[],"class_list":{"0":"post-21238","1":"product","2":"type-product","3":"status-publish","5":"product_cat-maros-megyei-eletrajzi-lexikon","7":"first","8":"instock","9":"shipping-taxable","10":"product-type-simple"},"_links":{"self":[{"href":"https:\/\/uj.adatbank.ro\/lexikon\/wp-json\/wp\/v2\/product\/21238","targetHints":{"allow":["GET"]}}],"collection":[{"href":"https:\/\/uj.adatbank.ro\/lexikon\/wp-json\/wp\/v2\/product"}],"about":[{"href":"https:\/\/uj.adatbank.ro\/lexikon\/wp-json\/wp\/v2\/types\/product"}],"replies":[{"embeddable":true,"href":"https:\/\/uj.adatbank.ro\/lexikon\/wp-json\/wp\/v2\/comments?post=21238"}],"wp:attachment":[{"href":"https:\/\/uj.adatbank.ro\/lexikon\/wp-json\/wp\/v2\/media?parent=21238"}],"wp:term":[{"taxonomy":"product_brand","embeddable":true,"href":"https:\/\/uj.adatbank.ro\/lexikon\/wp-json\/wp\/v2\/product_brand?post=21238"},{"taxonomy":"product_cat","embeddable":true,"href":"https:\/\/uj.adatbank.ro\/lexikon\/wp-json\/wp\/v2\/product_cat?post=21238"},{"taxonomy":"product_tag","embeddable":true,"href":"https:\/\/uj.adatbank.ro\/lexikon\/wp-json\/wp\/v2\/product_tag?post=21238"}],"curies":[{"name":"wp","href":"https:\/\/api.w.org\/{rel}","templated":true}]}}