{"id":2124,"date":"2025-06-28T12:04:32","date_gmt":"2025-06-28T10:04:32","guid":{"rendered":"https:\/\/uj.adatbank.ro\/lexikon\/termek\/ban-vasile\/"},"modified":"2025-06-28T12:04:32","modified_gmt":"2025-06-28T10:04:32","slug":"ban-vasile","status":"publish","type":"product","link":"https:\/\/uj.adatbank.ro\/lexikon\/termek\/ban-vasile\/","title":{"rendered":"BAN Vasile"},"content":{"rendered":"<p>? \u2020 ? : templomfest\u0151. \u2013 Popa Nicolaeval a mv.-i Szt. Mih\u00e1ly arkangyal fatempolom (1793\u201394) ikonjait festette (1814). <br \/><strong>Irod.:<\/strong> B\u0103ciu\u0163, Nicolae; \u015eincan, Gheorghe: Biserica de lemn \u201eSf\u00e2ntul Arhangel Mihail\u201d [T\u00e2rgu-Mure\u015f] (Vatra veche, nr. 2., 2009); Mv. m\u0171v. v\u00e1r.<\/br><\/p>\n","protected":false},"excerpt":{"rendered":"<p>? \u2020 ? : templomfest\u0151. \u2013 Popa Nicolaeval a mv.-i Szt. Mih\u00e1ly arkangyal fatempolom (1793\u201394) ikonjait festette (1814). Irod.: B\u0103ciu\u0163, Nicolae; \u015eincan, Gheorghe: Biserica de lemn \u201eSf\u00e2ntul Arhangel Mihail\u201d [T\u00e2rgu-Mure\u015f] (Vatra veche, nr. 2., 2009); Mv. m\u0171v. v\u00e1r.<\/p>\n","protected":false},"featured_media":0,"comment_status":"open","ping_status":"closed","template":"","meta":[],"product_brand":[],"product_cat":[137],"product_tag":[],"class_list":{"0":"post-2124","1":"product","2":"type-product","3":"status-publish","5":"product_cat-maros-megyei-eletrajzi-lexikon","7":"first","8":"instock","9":"shipping-taxable","10":"product-type-simple"},"_links":{"self":[{"href":"https:\/\/uj.adatbank.ro\/lexikon\/wp-json\/wp\/v2\/product\/2124","targetHints":{"allow":["GET"]}}],"collection":[{"href":"https:\/\/uj.adatbank.ro\/lexikon\/wp-json\/wp\/v2\/product"}],"about":[{"href":"https:\/\/uj.adatbank.ro\/lexikon\/wp-json\/wp\/v2\/types\/product"}],"replies":[{"embeddable":true,"href":"https:\/\/uj.adatbank.ro\/lexikon\/wp-json\/wp\/v2\/comments?post=2124"}],"wp:attachment":[{"href":"https:\/\/uj.adatbank.ro\/lexikon\/wp-json\/wp\/v2\/media?parent=2124"}],"wp:term":[{"taxonomy":"product_brand","embeddable":true,"href":"https:\/\/uj.adatbank.ro\/lexikon\/wp-json\/wp\/v2\/product_brand?post=2124"},{"taxonomy":"product_cat","embeddable":true,"href":"https:\/\/uj.adatbank.ro\/lexikon\/wp-json\/wp\/v2\/product_cat?post=2124"},{"taxonomy":"product_tag","embeddable":true,"href":"https:\/\/uj.adatbank.ro\/lexikon\/wp-json\/wp\/v2\/product_tag?post=2124"}],"curies":[{"name":"wp","href":"https:\/\/api.w.org\/{rel}","templated":true}]}}