{"id":21240,"date":"2025-07-22T19:17:54","date_gmt":"2025-07-22T17:17:54","guid":{"rendered":"https:\/\/uj.adatbank.ro\/lexikon\/termek\/szabo-laszlo-7\/"},"modified":"2025-07-22T19:17:54","modified_gmt":"2025-07-22T17:17:54","slug":"szabo-laszlo-7","status":"publish","type":"product","link":"https:\/\/uj.adatbank.ro\/lexikon\/termek\/szabo-laszlo-7\/","title":{"rendered":"SZAB\u00d3 L\u00e1szl\u00f3"},"content":{"rendered":"<p>? \u2020\u00a0Bp., 1989. m\u00e1rc.: v\u00edv\u00f3mester. <br \/><strong>Irod.:<\/strong> [Nekrol\u00f3g] (V. Z., 1989. m\u00e1rc. 16.).<\/br><\/p>\n","protected":false},"excerpt":{"rendered":"<p>? \u2020\u00a0Bp., 1989. m\u00e1rc.: v\u00edv\u00f3mester. Irod.: [Nekrol\u00f3g] (V. Z., 1989. m\u00e1rc. 16.).<\/p>\n","protected":false},"featured_media":0,"comment_status":"open","ping_status":"closed","template":"","meta":[],"product_brand":[],"product_cat":[137],"product_tag":[],"class_list":{"0":"post-21240","1":"product","2":"type-product","3":"status-publish","5":"product_cat-maros-megyei-eletrajzi-lexikon","7":"first","8":"instock","9":"shipping-taxable","10":"product-type-simple"},"_links":{"self":[{"href":"https:\/\/uj.adatbank.ro\/lexikon\/wp-json\/wp\/v2\/product\/21240","targetHints":{"allow":["GET"]}}],"collection":[{"href":"https:\/\/uj.adatbank.ro\/lexikon\/wp-json\/wp\/v2\/product"}],"about":[{"href":"https:\/\/uj.adatbank.ro\/lexikon\/wp-json\/wp\/v2\/types\/product"}],"replies":[{"embeddable":true,"href":"https:\/\/uj.adatbank.ro\/lexikon\/wp-json\/wp\/v2\/comments?post=21240"}],"wp:attachment":[{"href":"https:\/\/uj.adatbank.ro\/lexikon\/wp-json\/wp\/v2\/media?parent=21240"}],"wp:term":[{"taxonomy":"product_brand","embeddable":true,"href":"https:\/\/uj.adatbank.ro\/lexikon\/wp-json\/wp\/v2\/product_brand?post=21240"},{"taxonomy":"product_cat","embeddable":true,"href":"https:\/\/uj.adatbank.ro\/lexikon\/wp-json\/wp\/v2\/product_cat?post=21240"},{"taxonomy":"product_tag","embeddable":true,"href":"https:\/\/uj.adatbank.ro\/lexikon\/wp-json\/wp\/v2\/product_tag?post=21240"}],"curies":[{"name":"wp","href":"https:\/\/api.w.org\/{rel}","templated":true}]}}