{"id":21243,"date":"2025-07-22T19:18:01","date_gmt":"2025-07-22T17:18:01","guid":{"rendered":"https:\/\/uj.adatbank.ro\/lexikon\/termek\/szabo-laszlo-10\/"},"modified":"2025-07-22T19:18:01","modified_gmt":"2025-07-22T17:18:01","slug":"szabo-laszlo-10","status":"publish","type":"product","link":"https:\/\/uj.adatbank.ro\/lexikon\/termek\/szabo-laszlo-10\/","title":{"rendered":"SZAB\u00d3 L\u00e1szl\u00f3"},"content":{"rendered":"<p>Nagyv\u00e1rad, 1929. \u2020 Mv., 1993. okt. 24.: orvos., ideggy\u00f3gy\u00e1sz. \u2013 Apja ref. lelk\u00e9sz, a V\u0103c\u0103re\u0219ti-i b\u00f6rt\u00f6nben halt meg. \u2013 Nagyv\u00e1radon \u00e9retts\u00e9gizett (1948). Mv.-en az OGYI orvos kar\u00e1n v\u00e9gzett (1954). Az ideggy\u00f3gy\u00e1szati Klinik\u00e1n (1955\u2013) dolgozott. Ideggy\u00f3gy\u00e1sz f\u0151orvosa, Buk.-ben lett az orvostudom\u00e1nyok doktora. \u2013 <strong>F. m.<\/strong>: <strong>t\u00e1rssz.:<\/strong> Neurologia: manual pentru \u00eenv\u0103\u0163\u0103m\u00e2ntul medical superior. (Buc., 1962.); Somnul normal \u015fi patologic. (Buc., 1972.); Epilepsiile. (Cluj, 1976.); Manifest\u0103ri paroxistice cerebrale neepileptice. (Buc., 1978.); Epilepsiile. (Buc., 1984.). <br \/><strong>Irod.:<\/strong> Kiss\u2013P\u00e9terffy\u2013P\u00e9terffy; [Nekrol\u00f3g] (N\u00fa., 1993. okt. 26.); P\u00e9ter, Todea.<\/br><\/p>\n","protected":false},"excerpt":{"rendered":"<p>Nagyv\u00e1rad, 1929. \u2020 Mv., 1993. okt. 24.: orvos., ideggy\u00f3gy\u00e1sz. \u2013 Apja ref. lelk\u00e9sz, a V\u0103c\u0103re\u0219ti-i b\u00f6rt\u00f6nben halt meg. \u2013 Nagyv\u00e1radon \u00e9retts\u00e9gizett (1948). Mv.-en az OGYI orvos kar\u00e1n v\u00e9gzett (1954). Az ideggy\u00f3gy\u00e1szati Klinik\u00e1n (1955\u2013) dolgozott. Ideggy\u00f3gy\u00e1sz f\u0151orvosa, Buk.-ben lett az orvostudom\u00e1nyok doktora. \u2013 F. m.: t\u00e1rssz.: Neurologia: manual pentru \u00eenv\u0103\u0163\u0103m\u00e2ntul medical superior. (Buc., 1962.); Somnul normal [&hellip;]<\/p>\n","protected":false},"featured_media":0,"comment_status":"open","ping_status":"closed","template":"","meta":[],"product_brand":[],"product_cat":[137],"product_tag":[],"class_list":{"0":"post-21243","1":"product","2":"type-product","3":"status-publish","5":"product_cat-maros-megyei-eletrajzi-lexikon","7":"first","8":"instock","9":"shipping-taxable","10":"product-type-simple"},"_links":{"self":[{"href":"https:\/\/uj.adatbank.ro\/lexikon\/wp-json\/wp\/v2\/product\/21243","targetHints":{"allow":["GET"]}}],"collection":[{"href":"https:\/\/uj.adatbank.ro\/lexikon\/wp-json\/wp\/v2\/product"}],"about":[{"href":"https:\/\/uj.adatbank.ro\/lexikon\/wp-json\/wp\/v2\/types\/product"}],"replies":[{"embeddable":true,"href":"https:\/\/uj.adatbank.ro\/lexikon\/wp-json\/wp\/v2\/comments?post=21243"}],"wp:attachment":[{"href":"https:\/\/uj.adatbank.ro\/lexikon\/wp-json\/wp\/v2\/media?parent=21243"}],"wp:term":[{"taxonomy":"product_brand","embeddable":true,"href":"https:\/\/uj.adatbank.ro\/lexikon\/wp-json\/wp\/v2\/product_brand?post=21243"},{"taxonomy":"product_cat","embeddable":true,"href":"https:\/\/uj.adatbank.ro\/lexikon\/wp-json\/wp\/v2\/product_cat?post=21243"},{"taxonomy":"product_tag","embeddable":true,"href":"https:\/\/uj.adatbank.ro\/lexikon\/wp-json\/wp\/v2\/product_tag?post=21243"}],"curies":[{"name":"wp","href":"https:\/\/api.w.org\/{rel}","templated":true}]}}