{"id":21246,"date":"2025-07-22T19:18:09","date_gmt":"2025-07-22T17:18:09","guid":{"rendered":"https:\/\/uj.adatbank.ro\/lexikon\/termek\/szabo-laszlo-13\/"},"modified":"2025-07-22T19:18:09","modified_gmt":"2025-07-22T17:18:09","slug":"szabo-laszlo-13","status":"publish","type":"product","link":"https:\/\/uj.adatbank.ro\/lexikon\/termek\/szabo-laszlo-13\/","title":{"rendered":"SZAB\u00d3 L\u00e1szl\u00f3"},"content":{"rendered":"<p>G\u00f6rg\u00e9nyszentimre, 1943. j\u00fan. 18.: kov\u00e1cs. \u2013 Sz\u00e1szr\u00e9geni lak\u00f3s. A Szabad Ifjak Sz\u00f6vets\u00e9ge per\u00e9ben, a MAT Katonai \u00dcgy\u00e9szs\u00e9ge, katonai fegyver \u00e9s l\u0151szer eltulajdon\u00edt\u00e1ssal v\u00e1dolta, ez\u00e9rt letart\u00f3ztatt\u00e1k (1959. j\u00fan. 15.).<br \/><strong>Irod.:<\/strong> 1956 Erd\u00e9lyben.<\/br><\/p>\n","protected":false},"excerpt":{"rendered":"<p>G\u00f6rg\u00e9nyszentimre, 1943. j\u00fan. 18.: kov\u00e1cs. \u2013 Sz\u00e1szr\u00e9geni lak\u00f3s. A Szabad Ifjak Sz\u00f6vets\u00e9ge per\u00e9ben, a MAT Katonai \u00dcgy\u00e9szs\u00e9ge, katonai fegyver \u00e9s l\u0151szer eltulajdon\u00edt\u00e1ssal v\u00e1dolta, ez\u00e9rt letart\u00f3ztatt\u00e1k (1959. j\u00fan. 15.).Irod.: 1956 Erd\u00e9lyben.<\/p>\n","protected":false},"featured_media":0,"comment_status":"open","ping_status":"closed","template":"","meta":[],"product_brand":[],"product_cat":[137],"product_tag":[],"class_list":{"0":"post-21246","1":"product","2":"type-product","3":"status-publish","5":"product_cat-maros-megyei-eletrajzi-lexikon","7":"first","8":"instock","9":"shipping-taxable","10":"product-type-simple"},"_links":{"self":[{"href":"https:\/\/uj.adatbank.ro\/lexikon\/wp-json\/wp\/v2\/product\/21246","targetHints":{"allow":["GET"]}}],"collection":[{"href":"https:\/\/uj.adatbank.ro\/lexikon\/wp-json\/wp\/v2\/product"}],"about":[{"href":"https:\/\/uj.adatbank.ro\/lexikon\/wp-json\/wp\/v2\/types\/product"}],"replies":[{"embeddable":true,"href":"https:\/\/uj.adatbank.ro\/lexikon\/wp-json\/wp\/v2\/comments?post=21246"}],"wp:attachment":[{"href":"https:\/\/uj.adatbank.ro\/lexikon\/wp-json\/wp\/v2\/media?parent=21246"}],"wp:term":[{"taxonomy":"product_brand","embeddable":true,"href":"https:\/\/uj.adatbank.ro\/lexikon\/wp-json\/wp\/v2\/product_brand?post=21246"},{"taxonomy":"product_cat","embeddable":true,"href":"https:\/\/uj.adatbank.ro\/lexikon\/wp-json\/wp\/v2\/product_cat?post=21246"},{"taxonomy":"product_tag","embeddable":true,"href":"https:\/\/uj.adatbank.ro\/lexikon\/wp-json\/wp\/v2\/product_tag?post=21246"}],"curies":[{"name":"wp","href":"https:\/\/api.w.org\/{rel}","templated":true}]}}