{"id":21247,"date":"2025-07-22T19:18:11","date_gmt":"2025-07-22T17:18:11","guid":{"rendered":"https:\/\/uj.adatbank.ro\/lexikon\/termek\/szabo-laszlo-sarpataki\/"},"modified":"2025-07-22T19:18:11","modified_gmt":"2025-07-22T17:18:11","slug":"szabo-laszlo-sarpataki","status":"publish","type":"product","link":"https:\/\/uj.adatbank.ro\/lexikon\/termek\/szabo-laszlo-sarpataki\/","title":{"rendered":"SZAB\u00d3 L\u00e1szl\u00f3, s\u00e1rpataki"},"content":{"rendered":"<p>Sz\u0151kefalva, 1832. szept. 1., \u2020 Sz\u0151kefalva, 1920. okt. 18.: hadnagy az 1848\u201349-es szabads\u00e1gharcban. Sz\u0151kefalva ref. egyh\u00e1zk\u00f6zs\u00e9g\u00e9nek ez\u00fcst keny\u00e9roszt\u00f3 t\u00e1ny\u00e9rt aj\u00e1nd\u00e9kozott (1854). K\u00e9s\u0151bb az unit. egyh\u00e1z gondnoka volt. <br \/><strong>Irod.:<\/strong> Erd\u00e9lyi unit. 1848\u201349; K\u00fck\u00fcll\u0151i Ref. Egyh\u00e1zm. 4.; Nagy L\u00e1szl\u00f3.<\/br><\/p>\n","protected":false},"excerpt":{"rendered":"<p>Sz\u0151kefalva, 1832. szept. 1., \u2020 Sz\u0151kefalva, 1920. okt. 18.: hadnagy az 1848\u201349-es szabads\u00e1gharcban. Sz\u0151kefalva ref. egyh\u00e1zk\u00f6zs\u00e9g\u00e9nek ez\u00fcst keny\u00e9roszt\u00f3 t\u00e1ny\u00e9rt aj\u00e1nd\u00e9kozott (1854). K\u00e9s\u0151bb az unit. egyh\u00e1z gondnoka volt. Irod.: Erd\u00e9lyi unit. 1848\u201349; K\u00fck\u00fcll\u0151i Ref. Egyh\u00e1zm. 4.; Nagy L\u00e1szl\u00f3.<\/p>\n","protected":false},"featured_media":0,"comment_status":"open","ping_status":"closed","template":"","meta":[],"product_brand":[],"product_cat":[137],"product_tag":[],"class_list":{"0":"post-21247","1":"product","2":"type-product","3":"status-publish","5":"product_cat-maros-megyei-eletrajzi-lexikon","7":"first","8":"instock","9":"shipping-taxable","10":"product-type-simple"},"_links":{"self":[{"href":"https:\/\/uj.adatbank.ro\/lexikon\/wp-json\/wp\/v2\/product\/21247","targetHints":{"allow":["GET"]}}],"collection":[{"href":"https:\/\/uj.adatbank.ro\/lexikon\/wp-json\/wp\/v2\/product"}],"about":[{"href":"https:\/\/uj.adatbank.ro\/lexikon\/wp-json\/wp\/v2\/types\/product"}],"replies":[{"embeddable":true,"href":"https:\/\/uj.adatbank.ro\/lexikon\/wp-json\/wp\/v2\/comments?post=21247"}],"wp:attachment":[{"href":"https:\/\/uj.adatbank.ro\/lexikon\/wp-json\/wp\/v2\/media?parent=21247"}],"wp:term":[{"taxonomy":"product_brand","embeddable":true,"href":"https:\/\/uj.adatbank.ro\/lexikon\/wp-json\/wp\/v2\/product_brand?post=21247"},{"taxonomy":"product_cat","embeddable":true,"href":"https:\/\/uj.adatbank.ro\/lexikon\/wp-json\/wp\/v2\/product_cat?post=21247"},{"taxonomy":"product_tag","embeddable":true,"href":"https:\/\/uj.adatbank.ro\/lexikon\/wp-json\/wp\/v2\/product_tag?post=21247"}],"curies":[{"name":"wp","href":"https:\/\/api.w.org\/{rel}","templated":true}]}}