{"id":21249,"date":"2025-07-22T19:18:16","date_gmt":"2025-07-22T17:18:16","guid":{"rendered":"https:\/\/uj.adatbank.ro\/lexikon\/termek\/szabo-lazar\/"},"modified":"2025-07-22T19:18:16","modified_gmt":"2025-07-22T17:18:16","slug":"szabo-lazar","status":"publish","type":"product","link":"https:\/\/uj.adatbank.ro\/lexikon\/termek\/szabo-lazar\/","title":{"rendered":"SZAB\u00d3 L\u00e1z\u00e1r"},"content":{"rendered":"<p>1734., \u2020?: ref. lelk\u00e9sz. \u2013 Mv.-en subscrib\u00e1lt (1746). Erd\u0151szengyelben volt l\u00e9vita (1758). Nagyercs\u00e9ben (1759\u201366, 1771\u20131804) \u00e9s Dedr\u00e1dsz\u00e9plakon (1767\u201371) volt lelk\u00e9sz. <br \/><strong>Irod.:<\/strong> \u0150sz.<\/br><\/p>\n","protected":false},"excerpt":{"rendered":"<p>1734., \u2020?: ref. lelk\u00e9sz. \u2013 Mv.-en subscrib\u00e1lt (1746). Erd\u0151szengyelben volt l\u00e9vita (1758). Nagyercs\u00e9ben (1759\u201366, 1771\u20131804) \u00e9s Dedr\u00e1dsz\u00e9plakon (1767\u201371) volt lelk\u00e9sz. Irod.: \u0150sz.<\/p>\n","protected":false},"featured_media":0,"comment_status":"open","ping_status":"closed","template":"","meta":[],"product_brand":[],"product_cat":[137],"product_tag":[],"class_list":{"0":"post-21249","1":"product","2":"type-product","3":"status-publish","5":"product_cat-maros-megyei-eletrajzi-lexikon","7":"first","8":"instock","9":"shipping-taxable","10":"product-type-simple"},"_links":{"self":[{"href":"https:\/\/uj.adatbank.ro\/lexikon\/wp-json\/wp\/v2\/product\/21249","targetHints":{"allow":["GET"]}}],"collection":[{"href":"https:\/\/uj.adatbank.ro\/lexikon\/wp-json\/wp\/v2\/product"}],"about":[{"href":"https:\/\/uj.adatbank.ro\/lexikon\/wp-json\/wp\/v2\/types\/product"}],"replies":[{"embeddable":true,"href":"https:\/\/uj.adatbank.ro\/lexikon\/wp-json\/wp\/v2\/comments?post=21249"}],"wp:attachment":[{"href":"https:\/\/uj.adatbank.ro\/lexikon\/wp-json\/wp\/v2\/media?parent=21249"}],"wp:term":[{"taxonomy":"product_brand","embeddable":true,"href":"https:\/\/uj.adatbank.ro\/lexikon\/wp-json\/wp\/v2\/product_brand?post=21249"},{"taxonomy":"product_cat","embeddable":true,"href":"https:\/\/uj.adatbank.ro\/lexikon\/wp-json\/wp\/v2\/product_cat?post=21249"},{"taxonomy":"product_tag","embeddable":true,"href":"https:\/\/uj.adatbank.ro\/lexikon\/wp-json\/wp\/v2\/product_tag?post=21249"}],"curies":[{"name":"wp","href":"https:\/\/api.w.org\/{rel}","templated":true}]}}