{"id":2125,"date":"2025-06-28T12:04:33","date_gmt":"2025-06-28T10:04:33","guid":{"rendered":"https:\/\/uj.adatbank.ro\/lexikon\/termek\/ban-zsuzsa\/"},"modified":"2025-06-28T12:04:33","modified_gmt":"2025-06-28T10:04:33","slug":"ban-zsuzsa","status":"publish","type":"product","link":"https:\/\/uj.adatbank.ro\/lexikon\/termek\/ban-zsuzsa\/","title":{"rendered":"B\u00c1N Zsuzsa"},"content":{"rendered":"<p>Kv., ? \u2020 Mv., 1952.: ovos. \u2013 Anyja: M\u00e1ria. \u2013 Mv.-en fejezte be orvosi tanulm\u00e1nyait (1950). Kutat\u00f3 orvos a Mikrobiol\u00f3giai Tansz\u00e9k tagja, tan\u00e1rseg\u00e9d. <br \/><strong>Irod.:<\/strong> Kiss Cs. M.<\/br><\/p>\n","protected":false},"excerpt":{"rendered":"<p>Kv., ? \u2020 Mv., 1952.: ovos. \u2013 Anyja: M\u00e1ria. \u2013 Mv.-en fejezte be orvosi tanulm\u00e1nyait (1950). Kutat\u00f3 orvos a Mikrobiol\u00f3giai Tansz\u00e9k tagja, tan\u00e1rseg\u00e9d. Irod.: Kiss Cs. M.<\/p>\n","protected":false},"featured_media":0,"comment_status":"open","ping_status":"closed","template":"","meta":[],"product_brand":[],"product_cat":[137],"product_tag":[],"class_list":{"0":"post-2125","1":"product","2":"type-product","3":"status-publish","5":"product_cat-maros-megyei-eletrajzi-lexikon","7":"first","8":"instock","9":"shipping-taxable","10":"product-type-simple"},"_links":{"self":[{"href":"https:\/\/uj.adatbank.ro\/lexikon\/wp-json\/wp\/v2\/product\/2125","targetHints":{"allow":["GET"]}}],"collection":[{"href":"https:\/\/uj.adatbank.ro\/lexikon\/wp-json\/wp\/v2\/product"}],"about":[{"href":"https:\/\/uj.adatbank.ro\/lexikon\/wp-json\/wp\/v2\/types\/product"}],"replies":[{"embeddable":true,"href":"https:\/\/uj.adatbank.ro\/lexikon\/wp-json\/wp\/v2\/comments?post=2125"}],"wp:attachment":[{"href":"https:\/\/uj.adatbank.ro\/lexikon\/wp-json\/wp\/v2\/media?parent=2125"}],"wp:term":[{"taxonomy":"product_brand","embeddable":true,"href":"https:\/\/uj.adatbank.ro\/lexikon\/wp-json\/wp\/v2\/product_brand?post=2125"},{"taxonomy":"product_cat","embeddable":true,"href":"https:\/\/uj.adatbank.ro\/lexikon\/wp-json\/wp\/v2\/product_cat?post=2125"},{"taxonomy":"product_tag","embeddable":true,"href":"https:\/\/uj.adatbank.ro\/lexikon\/wp-json\/wp\/v2\/product_tag?post=2125"}],"curies":[{"name":"wp","href":"https:\/\/api.w.org\/{rel}","templated":true}]}}