{"id":21252,"date":"2025-07-22T19:18:21","date_gmt":"2025-07-22T17:18:21","guid":{"rendered":"https:\/\/uj.adatbank.ro\/lexikon\/termek\/szabo-magda\/"},"modified":"2025-07-22T19:18:21","modified_gmt":"2025-07-22T17:18:21","slug":"szabo-magda","status":"publish","type":"product","link":"https:\/\/uj.adatbank.ro\/lexikon\/termek\/szabo-magda\/","title":{"rendered":"SZAB\u00d3 Magda"},"content":{"rendered":"<p>Debrecen, 1917. okt. 5., \u2020Bp., 2007. nov. 19.: \u00edr\u00f3, k\u00f6lt\u0151, sz\u00ednm\u0171\u00edr\u00f3, m\u0171ford\u00edt\u00f3. \u2013 A mv.-i L\u00e1t\u00f3 c. foly\u00f3irat megh\u00edv\u00e1s\u00e1ra \u00e9rkezett Mv.-re. A L\u00e1t\u00f3-esten felolvasott, \u00e9let\u00e9r\u0151l tett vallom\u00e1st (1991. szept. 21.). <br \/><strong>Irod.:<\/strong> Nagy Mikl\u00f3s Kund: Szab\u00f3 Magda Marosv\u00e1s\u00e1rhelyen = Volt j\u00f6v\u0151kbe n\u00e9zve: V\u00e1logat\u00e1s a M\u00fazsa irodalmi anyag\u00e1b\u00f3l (1991\u20132001) (Mv., 2001); \u00d6t \u00e9ve hunyt el Szab\u00f3 Magda = Sz\u00e9kely F.<\/br><\/p>\n","protected":false},"excerpt":{"rendered":"<p>Debrecen, 1917. okt. 5., \u2020Bp., 2007. nov. 19.: \u00edr\u00f3, k\u00f6lt\u0151, sz\u00ednm\u0171\u00edr\u00f3, m\u0171ford\u00edt\u00f3. \u2013 A mv.-i L\u00e1t\u00f3 c. foly\u00f3irat megh\u00edv\u00e1s\u00e1ra \u00e9rkezett Mv.-re. A L\u00e1t\u00f3-esten felolvasott, \u00e9let\u00e9r\u0151l tett vallom\u00e1st (1991. szept. 21.). Irod.: Nagy Mikl\u00f3s Kund: Szab\u00f3 Magda Marosv\u00e1s\u00e1rhelyen = Volt j\u00f6v\u0151kbe n\u00e9zve: V\u00e1logat\u00e1s a M\u00fazsa irodalmi anyag\u00e1b\u00f3l (1991\u20132001) (Mv., 2001); \u00d6t \u00e9ve hunyt el Szab\u00f3 Magda [&hellip;]<\/p>\n","protected":false},"featured_media":0,"comment_status":"open","ping_status":"closed","template":"","meta":[],"product_brand":[],"product_cat":[137],"product_tag":[],"class_list":{"0":"post-21252","1":"product","2":"type-product","3":"status-publish","5":"product_cat-maros-megyei-eletrajzi-lexikon","7":"first","8":"instock","9":"shipping-taxable","10":"product-type-simple"},"_links":{"self":[{"href":"https:\/\/uj.adatbank.ro\/lexikon\/wp-json\/wp\/v2\/product\/21252","targetHints":{"allow":["GET"]}}],"collection":[{"href":"https:\/\/uj.adatbank.ro\/lexikon\/wp-json\/wp\/v2\/product"}],"about":[{"href":"https:\/\/uj.adatbank.ro\/lexikon\/wp-json\/wp\/v2\/types\/product"}],"replies":[{"embeddable":true,"href":"https:\/\/uj.adatbank.ro\/lexikon\/wp-json\/wp\/v2\/comments?post=21252"}],"wp:attachment":[{"href":"https:\/\/uj.adatbank.ro\/lexikon\/wp-json\/wp\/v2\/media?parent=21252"}],"wp:term":[{"taxonomy":"product_brand","embeddable":true,"href":"https:\/\/uj.adatbank.ro\/lexikon\/wp-json\/wp\/v2\/product_brand?post=21252"},{"taxonomy":"product_cat","embeddable":true,"href":"https:\/\/uj.adatbank.ro\/lexikon\/wp-json\/wp\/v2\/product_cat?post=21252"},{"taxonomy":"product_tag","embeddable":true,"href":"https:\/\/uj.adatbank.ro\/lexikon\/wp-json\/wp\/v2\/product_tag?post=21252"}],"curies":[{"name":"wp","href":"https:\/\/api.w.org\/{rel}","templated":true}]}}