{"id":21254,"date":"2025-07-22T19:18:29","date_gmt":"2025-07-22T17:18:29","guid":{"rendered":"https:\/\/uj.adatbank.ro\/lexikon\/termek\/szabo-margareta\/"},"modified":"2025-07-22T19:18:29","modified_gmt":"2025-07-22T17:18:29","slug":"szabo-margareta","status":"publish","type":"product","link":"https:\/\/uj.adatbank.ro\/lexikon\/termek\/szabo-margareta\/","title":{"rendered":"SZAB\u00d3 Margareta"},"content":{"rendered":"<p>? \u2020 Mv., 1998. szept. 16: tan\u00edt\u00f3n\u0151. \u2013 K\u00f6rtv\u00e9lyf\u00e1j\u00e1n tan\u00edtott, a Bar\u00e1ts\u00e1g Alap\u00edtv\u00e1ny eln\u00f6ke volt. <br \/><strong>Irod.:<\/strong> MMK.<\/br><\/p>\n","protected":false},"excerpt":{"rendered":"<p>? \u2020 Mv., 1998. szept. 16: tan\u00edt\u00f3n\u0151. \u2013 K\u00f6rtv\u00e9lyf\u00e1j\u00e1n tan\u00edtott, a Bar\u00e1ts\u00e1g Alap\u00edtv\u00e1ny eln\u00f6ke volt. Irod.: MMK.<\/p>\n","protected":false},"featured_media":0,"comment_status":"open","ping_status":"closed","template":"","meta":[],"product_brand":[],"product_cat":[137],"product_tag":[],"class_list":{"0":"post-21254","1":"product","2":"type-product","3":"status-publish","5":"product_cat-maros-megyei-eletrajzi-lexikon","7":"first","8":"instock","9":"shipping-taxable","10":"product-type-simple"},"_links":{"self":[{"href":"https:\/\/uj.adatbank.ro\/lexikon\/wp-json\/wp\/v2\/product\/21254","targetHints":{"allow":["GET"]}}],"collection":[{"href":"https:\/\/uj.adatbank.ro\/lexikon\/wp-json\/wp\/v2\/product"}],"about":[{"href":"https:\/\/uj.adatbank.ro\/lexikon\/wp-json\/wp\/v2\/types\/product"}],"replies":[{"embeddable":true,"href":"https:\/\/uj.adatbank.ro\/lexikon\/wp-json\/wp\/v2\/comments?post=21254"}],"wp:attachment":[{"href":"https:\/\/uj.adatbank.ro\/lexikon\/wp-json\/wp\/v2\/media?parent=21254"}],"wp:term":[{"taxonomy":"product_brand","embeddable":true,"href":"https:\/\/uj.adatbank.ro\/lexikon\/wp-json\/wp\/v2\/product_brand?post=21254"},{"taxonomy":"product_cat","embeddable":true,"href":"https:\/\/uj.adatbank.ro\/lexikon\/wp-json\/wp\/v2\/product_cat?post=21254"},{"taxonomy":"product_tag","embeddable":true,"href":"https:\/\/uj.adatbank.ro\/lexikon\/wp-json\/wp\/v2\/product_tag?post=21254"}],"curies":[{"name":"wp","href":"https:\/\/api.w.org\/{rel}","templated":true}]}}