{"id":21257,"date":"2025-07-22T19:18:36","date_gmt":"2025-07-22T17:18:36","guid":{"rendered":"https:\/\/uj.adatbank.ro\/lexikon\/termek\/szabo-marton\/"},"modified":"2025-07-22T19:18:36","modified_gmt":"2025-07-22T17:18:36","slug":"szabo-marton","status":"publish","type":"product","link":"https:\/\/uj.adatbank.ro\/lexikon\/termek\/szabo-marton\/","title":{"rendered":"SZAB\u00d3 M\u00e1rton"},"content":{"rendered":"<p>? \u2020?: esk\u00fcdt polg\u00e1r, hat\u00e1rinspektor. \u2013 A Mv.-i esk\u00fcdt k\u00f6z\u00f6ns\u00e9g tagja (1791), hat\u00e1rfel\u00fcgyel\u0151. <br \/><strong>Irod.:<\/strong> P\u00e1l-Antal 2006.<\/br><\/p>\n","protected":false},"excerpt":{"rendered":"<p>? \u2020?: esk\u00fcdt polg\u00e1r, hat\u00e1rinspektor. \u2013 A Mv.-i esk\u00fcdt k\u00f6z\u00f6ns\u00e9g tagja (1791), hat\u00e1rfel\u00fcgyel\u0151. Irod.: P\u00e1l-Antal 2006.<\/p>\n","protected":false},"featured_media":0,"comment_status":"open","ping_status":"closed","template":"","meta":[],"product_brand":[],"product_cat":[137],"product_tag":[],"class_list":{"0":"post-21257","1":"product","2":"type-product","3":"status-publish","5":"product_cat-maros-megyei-eletrajzi-lexikon","7":"first","8":"instock","9":"shipping-taxable","10":"product-type-simple"},"_links":{"self":[{"href":"https:\/\/uj.adatbank.ro\/lexikon\/wp-json\/wp\/v2\/product\/21257","targetHints":{"allow":["GET"]}}],"collection":[{"href":"https:\/\/uj.adatbank.ro\/lexikon\/wp-json\/wp\/v2\/product"}],"about":[{"href":"https:\/\/uj.adatbank.ro\/lexikon\/wp-json\/wp\/v2\/types\/product"}],"replies":[{"embeddable":true,"href":"https:\/\/uj.adatbank.ro\/lexikon\/wp-json\/wp\/v2\/comments?post=21257"}],"wp:attachment":[{"href":"https:\/\/uj.adatbank.ro\/lexikon\/wp-json\/wp\/v2\/media?parent=21257"}],"wp:term":[{"taxonomy":"product_brand","embeddable":true,"href":"https:\/\/uj.adatbank.ro\/lexikon\/wp-json\/wp\/v2\/product_brand?post=21257"},{"taxonomy":"product_cat","embeddable":true,"href":"https:\/\/uj.adatbank.ro\/lexikon\/wp-json\/wp\/v2\/product_cat?post=21257"},{"taxonomy":"product_tag","embeddable":true,"href":"https:\/\/uj.adatbank.ro\/lexikon\/wp-json\/wp\/v2\/product_tag?post=21257"}],"curies":[{"name":"wp","href":"https:\/\/api.w.org\/{rel}","templated":true}]}}