{"id":2126,"date":"2025-06-28T12:04:35","date_gmt":"2025-06-28T10:04:35","guid":{"rendered":"https:\/\/uj.adatbank.ro\/lexikon\/termek\/banc-ionel\/"},"modified":"2025-06-28T12:04:35","modified_gmt":"2025-06-28T10:04:35","slug":"banc-ionel","status":"publish","type":"product","link":"https:\/\/uj.adatbank.ro\/lexikon\/termek\/banc-ionel\/","title":{"rendered":"BANC Ionel"},"content":{"rendered":"<p>? \u2020 Mv., 2003. febr. 16.: m\u00e9rn\u00f6k, egyetemi tan\u00e1r. <br \/><strong>Irod.:<\/strong> Universitatea tehnic\u0103 din Tg. M.: 1960\/`961\u20131990\/1991; Cuv\u00e2ntul liber, 2003. febr. 18.<\/br><\/p>\n","protected":false},"excerpt":{"rendered":"<p>? \u2020 Mv., 2003. febr. 16.: m\u00e9rn\u00f6k, egyetemi tan\u00e1r. Irod.: Universitatea tehnic\u0103 din Tg. M.: 1960\/`961\u20131990\/1991; Cuv\u00e2ntul liber, 2003. febr. 18.<\/p>\n","protected":false},"featured_media":0,"comment_status":"open","ping_status":"closed","template":"","meta":[],"product_brand":[],"product_cat":[137],"product_tag":[],"class_list":{"0":"post-2126","1":"product","2":"type-product","3":"status-publish","5":"product_cat-maros-megyei-eletrajzi-lexikon","7":"first","8":"instock","9":"shipping-taxable","10":"product-type-simple"},"_links":{"self":[{"href":"https:\/\/uj.adatbank.ro\/lexikon\/wp-json\/wp\/v2\/product\/2126","targetHints":{"allow":["GET"]}}],"collection":[{"href":"https:\/\/uj.adatbank.ro\/lexikon\/wp-json\/wp\/v2\/product"}],"about":[{"href":"https:\/\/uj.adatbank.ro\/lexikon\/wp-json\/wp\/v2\/types\/product"}],"replies":[{"embeddable":true,"href":"https:\/\/uj.adatbank.ro\/lexikon\/wp-json\/wp\/v2\/comments?post=2126"}],"wp:attachment":[{"href":"https:\/\/uj.adatbank.ro\/lexikon\/wp-json\/wp\/v2\/media?parent=2126"}],"wp:term":[{"taxonomy":"product_brand","embeddable":true,"href":"https:\/\/uj.adatbank.ro\/lexikon\/wp-json\/wp\/v2\/product_brand?post=2126"},{"taxonomy":"product_cat","embeddable":true,"href":"https:\/\/uj.adatbank.ro\/lexikon\/wp-json\/wp\/v2\/product_cat?post=2126"},{"taxonomy":"product_tag","embeddable":true,"href":"https:\/\/uj.adatbank.ro\/lexikon\/wp-json\/wp\/v2\/product_tag?post=2126"}],"curies":[{"name":"wp","href":"https:\/\/api.w.org\/{rel}","templated":true}]}}