{"id":21260,"date":"2025-07-22T19:18:41","date_gmt":"2025-07-22T17:18:41","guid":{"rendered":"https:\/\/uj.adatbank.ro\/lexikon\/termek\/szabo-marton-4\/"},"modified":"2025-07-22T19:18:41","modified_gmt":"2025-07-22T17:18:41","slug":"szabo-marton-4","status":"publish","type":"product","link":"https:\/\/uj.adatbank.ro\/lexikon\/termek\/szabo-marton-4\/","title":{"rendered":"SZAB\u00d3 M\u00e1rton"},"content":{"rendered":"<p>? \u2020?: \u00edr\u00f3?. \u2013 <strong>F. m.<\/strong>: Tal\u00e1lkoz\u00e1s: Eredeti elbesz\u00e9l\u00e9s = Nemzeti Sz\u00ednh\u00e1zi zsebk\u00f6nyv 1854-ik \u00e9vre \/ kiadt\u00e1k Turcs\u00e1nyi Imre \u00e9s Jakab Istv\u00e1n. <br \/><strong>Irod.:<\/strong> F\u00fcl\u00f6p\u2013Ferencz.<\/br><\/p>\n","protected":false},"excerpt":{"rendered":"<p>? \u2020?: \u00edr\u00f3?. \u2013 F. m.: Tal\u00e1lkoz\u00e1s: Eredeti elbesz\u00e9l\u00e9s = Nemzeti Sz\u00ednh\u00e1zi zsebk\u00f6nyv 1854-ik \u00e9vre \/ kiadt\u00e1k Turcs\u00e1nyi Imre \u00e9s Jakab Istv\u00e1n. Irod.: F\u00fcl\u00f6p\u2013Ferencz.<\/p>\n","protected":false},"featured_media":0,"comment_status":"open","ping_status":"closed","template":"","meta":[],"product_brand":[],"product_cat":[137],"product_tag":[],"class_list":{"0":"post-21260","1":"product","2":"type-product","3":"status-publish","5":"product_cat-maros-megyei-eletrajzi-lexikon","7":"first","8":"instock","9":"shipping-taxable","10":"product-type-simple"},"_links":{"self":[{"href":"https:\/\/uj.adatbank.ro\/lexikon\/wp-json\/wp\/v2\/product\/21260","targetHints":{"allow":["GET"]}}],"collection":[{"href":"https:\/\/uj.adatbank.ro\/lexikon\/wp-json\/wp\/v2\/product"}],"about":[{"href":"https:\/\/uj.adatbank.ro\/lexikon\/wp-json\/wp\/v2\/types\/product"}],"replies":[{"embeddable":true,"href":"https:\/\/uj.adatbank.ro\/lexikon\/wp-json\/wp\/v2\/comments?post=21260"}],"wp:attachment":[{"href":"https:\/\/uj.adatbank.ro\/lexikon\/wp-json\/wp\/v2\/media?parent=21260"}],"wp:term":[{"taxonomy":"product_brand","embeddable":true,"href":"https:\/\/uj.adatbank.ro\/lexikon\/wp-json\/wp\/v2\/product_brand?post=21260"},{"taxonomy":"product_cat","embeddable":true,"href":"https:\/\/uj.adatbank.ro\/lexikon\/wp-json\/wp\/v2\/product_cat?post=21260"},{"taxonomy":"product_tag","embeddable":true,"href":"https:\/\/uj.adatbank.ro\/lexikon\/wp-json\/wp\/v2\/product_tag?post=21260"}],"curies":[{"name":"wp","href":"https:\/\/api.w.org\/{rel}","templated":true}]}}