{"id":21261,"date":"2025-07-22T19:18:44","date_gmt":"2025-07-22T17:18:44","guid":{"rendered":"https:\/\/uj.adatbank.ro\/lexikon\/termek\/szabo-marton-5\/"},"modified":"2025-07-22T19:18:44","modified_gmt":"2025-07-22T17:18:44","slug":"szabo-marton-5","status":"publish","type":"product","link":"https:\/\/uj.adatbank.ro\/lexikon\/termek\/szabo-marton-5\/","title":{"rendered":"SZAB\u00d3 M\u00e1rton"},"content":{"rendered":"<p>Oroszhegy, 1864. okt. 16., \u2020 1903. aug. 22.: r. k. pap. \u2013 Tanulm\u00e1nyait Sz\u00e9kelyudvarhelyen \u00e9s Gyulafeh\u00e9rv\u00e1ron v\u00e9gezte, papp\u00e1 szentelt\u00e9k (1890. j\u00fal. 16.). K\u00e1pl\u00e1n K\u00e9zdiszentkereszten \u00e9s Zetelak\u00e1n. Bordoson adminisztr\u00e1tor (1894\u2013). <br \/><strong>Irod.:<\/strong> Ferenczi S\u00e1ndor 2009.<\/br><\/p>\n","protected":false},"excerpt":{"rendered":"<p>Oroszhegy, 1864. okt. 16., \u2020 1903. aug. 22.: r. k. pap. \u2013 Tanulm\u00e1nyait Sz\u00e9kelyudvarhelyen \u00e9s Gyulafeh\u00e9rv\u00e1ron v\u00e9gezte, papp\u00e1 szentelt\u00e9k (1890. j\u00fal. 16.). K\u00e1pl\u00e1n K\u00e9zdiszentkereszten \u00e9s Zetelak\u00e1n. Bordoson adminisztr\u00e1tor (1894\u2013). Irod.: Ferenczi S\u00e1ndor 2009.<\/p>\n","protected":false},"featured_media":0,"comment_status":"open","ping_status":"closed","template":"","meta":[],"product_brand":[],"product_cat":[137],"product_tag":[],"class_list":{"0":"post-21261","1":"product","2":"type-product","3":"status-publish","5":"product_cat-maros-megyei-eletrajzi-lexikon","7":"first","8":"instock","9":"shipping-taxable","10":"product-type-simple"},"_links":{"self":[{"href":"https:\/\/uj.adatbank.ro\/lexikon\/wp-json\/wp\/v2\/product\/21261","targetHints":{"allow":["GET"]}}],"collection":[{"href":"https:\/\/uj.adatbank.ro\/lexikon\/wp-json\/wp\/v2\/product"}],"about":[{"href":"https:\/\/uj.adatbank.ro\/lexikon\/wp-json\/wp\/v2\/types\/product"}],"replies":[{"embeddable":true,"href":"https:\/\/uj.adatbank.ro\/lexikon\/wp-json\/wp\/v2\/comments?post=21261"}],"wp:attachment":[{"href":"https:\/\/uj.adatbank.ro\/lexikon\/wp-json\/wp\/v2\/media?parent=21261"}],"wp:term":[{"taxonomy":"product_brand","embeddable":true,"href":"https:\/\/uj.adatbank.ro\/lexikon\/wp-json\/wp\/v2\/product_brand?post=21261"},{"taxonomy":"product_cat","embeddable":true,"href":"https:\/\/uj.adatbank.ro\/lexikon\/wp-json\/wp\/v2\/product_cat?post=21261"},{"taxonomy":"product_tag","embeddable":true,"href":"https:\/\/uj.adatbank.ro\/lexikon\/wp-json\/wp\/v2\/product_tag?post=21261"}],"curies":[{"name":"wp","href":"https:\/\/api.w.org\/{rel}","templated":true}]}}