{"id":21267,"date":"2025-07-22T19:18:57","date_gmt":"2025-07-22T17:18:57","guid":{"rendered":"https:\/\/uj.adatbank.ro\/lexikon\/termek\/szabo-mihaly-4\/"},"modified":"2025-07-22T19:18:57","modified_gmt":"2025-07-22T17:18:57","slug":"szabo-mihaly-4","status":"publish","type":"product","link":"https:\/\/uj.adatbank.ro\/lexikon\/termek\/szabo-mihaly-4\/","title":{"rendered":"SZAB\u00d3 Mih\u00e1ly"},"content":{"rendered":"<p>Makfalva, 1885. aug. 13., \u2020\u00a0Szov\u00e1ta, 1960. jan. 7.: m\u00e9sz\u00e1ros \u00e9s hentes. \u2013 Iskol\u00e1i elv\u00e9gz\u00e9se ut\u00e1n a h\u00fasiparban szabadult fel \u00e9s \u00f6n\u00e1ll\u00f3 lett Szov\u00e1t\u00e1n (1919). Az els\u0151 vh.-ban a 62. gy. e.-ben az orosz fronton fogs\u00e1gba esett, 3 \u00e9v m\u00falva szabadult, mint tizedes szerelt le. A II. o. ez\u00fcst, a bronz vit. \u00e9rem \u00e9s a K\u00e1roly Csapatkereszt kit\u00fcntet\u00e9sekkel. Az egyh\u00e1zk\u00f6zs\u00e9g presbitere volt. <br \/><strong>Irod.:<\/strong> Szab\u00f3 Magdolna Matild: Napl\u00f3: 1943\u20131946 (Cs\u00edkszereda, 2011); Sz\u00e9kelyf\u00f6ld \u00ed. k.<\/br><\/p>\n","protected":false},"excerpt":{"rendered":"<p>Makfalva, 1885. aug. 13., \u2020\u00a0Szov\u00e1ta, 1960. jan. 7.: m\u00e9sz\u00e1ros \u00e9s hentes. \u2013 Iskol\u00e1i elv\u00e9gz\u00e9se ut\u00e1n a h\u00fasiparban szabadult fel \u00e9s \u00f6n\u00e1ll\u00f3 lett Szov\u00e1t\u00e1n (1919). Az els\u0151 vh.-ban a 62. gy. e.-ben az orosz fronton fogs\u00e1gba esett, 3 \u00e9v m\u00falva szabadult, mint tizedes szerelt le. A II. o. ez\u00fcst, a bronz vit. \u00e9rem \u00e9s a K\u00e1roly [&hellip;]<\/p>\n","protected":false},"featured_media":0,"comment_status":"open","ping_status":"closed","template":"","meta":[],"product_brand":[],"product_cat":[137],"product_tag":[],"class_list":{"0":"post-21267","1":"product","2":"type-product","3":"status-publish","5":"product_cat-maros-megyei-eletrajzi-lexikon","7":"first","8":"instock","9":"shipping-taxable","10":"product-type-simple"},"_links":{"self":[{"href":"https:\/\/uj.adatbank.ro\/lexikon\/wp-json\/wp\/v2\/product\/21267","targetHints":{"allow":["GET"]}}],"collection":[{"href":"https:\/\/uj.adatbank.ro\/lexikon\/wp-json\/wp\/v2\/product"}],"about":[{"href":"https:\/\/uj.adatbank.ro\/lexikon\/wp-json\/wp\/v2\/types\/product"}],"replies":[{"embeddable":true,"href":"https:\/\/uj.adatbank.ro\/lexikon\/wp-json\/wp\/v2\/comments?post=21267"}],"wp:attachment":[{"href":"https:\/\/uj.adatbank.ro\/lexikon\/wp-json\/wp\/v2\/media?parent=21267"}],"wp:term":[{"taxonomy":"product_brand","embeddable":true,"href":"https:\/\/uj.adatbank.ro\/lexikon\/wp-json\/wp\/v2\/product_brand?post=21267"},{"taxonomy":"product_cat","embeddable":true,"href":"https:\/\/uj.adatbank.ro\/lexikon\/wp-json\/wp\/v2\/product_cat?post=21267"},{"taxonomy":"product_tag","embeddable":true,"href":"https:\/\/uj.adatbank.ro\/lexikon\/wp-json\/wp\/v2\/product_tag?post=21267"}],"curies":[{"name":"wp","href":"https:\/\/api.w.org\/{rel}","templated":true}]}}