{"id":21270,"date":"2025-07-22T19:19:01","date_gmt":"2025-07-22T17:19:01","guid":{"rendered":"https:\/\/uj.adatbank.ro\/lexikon\/termek\/szabo-mihaly-7\/"},"modified":"2025-07-22T19:19:01","modified_gmt":"2025-07-22T17:19:01","slug":"szabo-mihaly-7","status":"publish","type":"product","link":"https:\/\/uj.adatbank.ro\/lexikon\/termek\/szabo-mihaly-7\/","title":{"rendered":"SZAB\u00d3 Mih\u00e1ly"},"content":{"rendered":"<p>1936, \u2020\u00a0Sz\u00e1szr\u00e9gen, 1997.: t\u00f6rt\u00e9n\u00e9sz, tan\u00e1r. \u2013 Tanulm\u00e1nyai, cikkei megjelentek a: V. Z., Gazeta Reghinului, Reghinul cultural. \u2013 <strong>F. m.<\/strong>: Reghin: Monografie (Buc., 1971); Reghin: Pagini din prezent, 1944\u20131970 (lito; Reghin, 1971); <strong>t\u00e1rssz.:<\/strong> Reghinul cultural (1., 1982; 2., 1990; 8.,2006). <br \/><strong>Irod.:<\/strong> Bibliogr. \/ Demeter Judit; Pop Tofolean-F\u00fcl\u00f6p.<\/br><\/p>\n","protected":false},"excerpt":{"rendered":"<p>1936, \u2020\u00a0Sz\u00e1szr\u00e9gen, 1997.: t\u00f6rt\u00e9n\u00e9sz, tan\u00e1r. \u2013 Tanulm\u00e1nyai, cikkei megjelentek a: V. Z., Gazeta Reghinului, Reghinul cultural. \u2013 F. m.: Reghin: Monografie (Buc., 1971); Reghin: Pagini din prezent, 1944\u20131970 (lito; Reghin, 1971); t\u00e1rssz.: Reghinul cultural (1., 1982; 2., 1990; 8.,2006). Irod.: Bibliogr. \/ Demeter Judit; Pop Tofolean-F\u00fcl\u00f6p.<\/p>\n","protected":false},"featured_media":0,"comment_status":"open","ping_status":"closed","template":"","meta":[],"product_brand":[],"product_cat":[137],"product_tag":[],"class_list":{"0":"post-21270","1":"product","2":"type-product","3":"status-publish","5":"product_cat-maros-megyei-eletrajzi-lexikon","7":"first","8":"instock","9":"shipping-taxable","10":"product-type-simple"},"_links":{"self":[{"href":"https:\/\/uj.adatbank.ro\/lexikon\/wp-json\/wp\/v2\/product\/21270","targetHints":{"allow":["GET"]}}],"collection":[{"href":"https:\/\/uj.adatbank.ro\/lexikon\/wp-json\/wp\/v2\/product"}],"about":[{"href":"https:\/\/uj.adatbank.ro\/lexikon\/wp-json\/wp\/v2\/types\/product"}],"replies":[{"embeddable":true,"href":"https:\/\/uj.adatbank.ro\/lexikon\/wp-json\/wp\/v2\/comments?post=21270"}],"wp:attachment":[{"href":"https:\/\/uj.adatbank.ro\/lexikon\/wp-json\/wp\/v2\/media?parent=21270"}],"wp:term":[{"taxonomy":"product_brand","embeddable":true,"href":"https:\/\/uj.adatbank.ro\/lexikon\/wp-json\/wp\/v2\/product_brand?post=21270"},{"taxonomy":"product_cat","embeddable":true,"href":"https:\/\/uj.adatbank.ro\/lexikon\/wp-json\/wp\/v2\/product_cat?post=21270"},{"taxonomy":"product_tag","embeddable":true,"href":"https:\/\/uj.adatbank.ro\/lexikon\/wp-json\/wp\/v2\/product_tag?post=21270"}],"curies":[{"name":"wp","href":"https:\/\/api.w.org\/{rel}","templated":true}]}}