{"id":21273,"date":"2025-07-22T19:19:07","date_gmt":"2025-07-22T17:19:07","guid":{"rendered":"https:\/\/uj.adatbank.ro\/lexikon\/termek\/szabo-mihaly-csikszentmartoni\/"},"modified":"2025-07-22T19:19:07","modified_gmt":"2025-07-22T17:19:07","slug":"szabo-mihaly-csikszentmartoni","status":"publish","type":"product","link":"https:\/\/uj.adatbank.ro\/lexikon\/termek\/szabo-mihaly-csikszentmartoni\/","title":{"rendered":"SZAB\u00d3 Mih\u00e1ly, cs\u00edkszentm\u00e1rtoni"},"content":{"rendered":"<p>? \u2020 1884.: ? \u2013 Feles\u00e9ge: jankafalvi Csat\u00f3 Roz\u00e1lia (1833? \u2013Dics\u0151szentm\u00e1rton, 1912. febr. 10.). Gyermekeik: Szab\u00f3 Berta Boila Zakari\u00e1sn\u00e9; Sz. Gizella Kozma J\u00e1nosn\u00e9; dr. Szab\u00f3 Mih\u00e1ly, feles\u00e9ge Szab\u00f3 Ottilia; dr. Szab\u00f3 Alajos, feles\u00e9ge Jakabfy Vilma. <br \/><strong>Irod.:<\/strong> Gy\u00e1szjelent\u0151.<\/br><\/p>\n","protected":false},"excerpt":{"rendered":"<p>? \u2020 1884.: ? \u2013 Feles\u00e9ge: jankafalvi Csat\u00f3 Roz\u00e1lia (1833? \u2013Dics\u0151szentm\u00e1rton, 1912. febr. 10.). Gyermekeik: Szab\u00f3 Berta Boila Zakari\u00e1sn\u00e9; Sz. Gizella Kozma J\u00e1nosn\u00e9; dr. Szab\u00f3 Mih\u00e1ly, feles\u00e9ge Szab\u00f3 Ottilia; dr. Szab\u00f3 Alajos, feles\u00e9ge Jakabfy Vilma. Irod.: Gy\u00e1szjelent\u0151.<\/p>\n","protected":false},"featured_media":0,"comment_status":"open","ping_status":"closed","template":"","meta":[],"product_brand":[],"product_cat":[137],"product_tag":[],"class_list":{"0":"post-21273","1":"product","2":"type-product","3":"status-publish","5":"product_cat-maros-megyei-eletrajzi-lexikon","7":"first","8":"instock","9":"shipping-taxable","10":"product-type-simple"},"_links":{"self":[{"href":"https:\/\/uj.adatbank.ro\/lexikon\/wp-json\/wp\/v2\/product\/21273","targetHints":{"allow":["GET"]}}],"collection":[{"href":"https:\/\/uj.adatbank.ro\/lexikon\/wp-json\/wp\/v2\/product"}],"about":[{"href":"https:\/\/uj.adatbank.ro\/lexikon\/wp-json\/wp\/v2\/types\/product"}],"replies":[{"embeddable":true,"href":"https:\/\/uj.adatbank.ro\/lexikon\/wp-json\/wp\/v2\/comments?post=21273"}],"wp:attachment":[{"href":"https:\/\/uj.adatbank.ro\/lexikon\/wp-json\/wp\/v2\/media?parent=21273"}],"wp:term":[{"taxonomy":"product_brand","embeddable":true,"href":"https:\/\/uj.adatbank.ro\/lexikon\/wp-json\/wp\/v2\/product_brand?post=21273"},{"taxonomy":"product_cat","embeddable":true,"href":"https:\/\/uj.adatbank.ro\/lexikon\/wp-json\/wp\/v2\/product_cat?post=21273"},{"taxonomy":"product_tag","embeddable":true,"href":"https:\/\/uj.adatbank.ro\/lexikon\/wp-json\/wp\/v2\/product_tag?post=21273"}],"curies":[{"name":"wp","href":"https:\/\/api.w.org\/{rel}","templated":true}]}}