{"id":21275,"date":"2025-07-22T19:19:10","date_gmt":"2025-07-22T17:19:10","guid":{"rendered":"https:\/\/uj.adatbank.ro\/lexikon\/termek\/szabo-miklos\/"},"modified":"2025-07-22T19:19:10","modified_gmt":"2025-07-22T17:19:10","slug":"szabo-miklos","status":"publish","type":"product","link":"https:\/\/uj.adatbank.ro\/lexikon\/termek\/szabo-miklos\/","title":{"rendered":"SZAB\u00d3 Mikl\u00f3s"},"content":{"rendered":"<p>? \u2020?: mv.-i nemes. \u2013 Bocskai Mikl\u00f3s Torda v\u00e1rmegy\u00e9ben fekv\u0151 Kakucs nev\u0171 ol\u00e1h falucsk\u00e1j\u00e1t Szab\u00f3 Mikl\u00f3s \u00e9s Szab\u00f3 D\u00e1vid Maros-V\u00e1s\u00e1rhelyt lak\u00f3 nemesek gondvisel\u00e9se al\u00e1 adja ideiglenesen, bizonyos felt\u00e9telek mellett. (1618). <br \/><strong>Irod.:<\/strong> Id\u0151t\u00e1r 1; SzOkl, 4.<\/br><\/p>\n","protected":false},"excerpt":{"rendered":"<p>? \u2020?: mv.-i nemes. \u2013 Bocskai Mikl\u00f3s Torda v\u00e1rmegy\u00e9ben fekv\u0151 Kakucs nev\u0171 ol\u00e1h falucsk\u00e1j\u00e1t Szab\u00f3 Mikl\u00f3s \u00e9s Szab\u00f3 D\u00e1vid Maros-V\u00e1s\u00e1rhelyt lak\u00f3 nemesek gondvisel\u00e9se al\u00e1 adja ideiglenesen, bizonyos felt\u00e9telek mellett. (1618). Irod.: Id\u0151t\u00e1r 1; SzOkl, 4.<\/p>\n","protected":false},"featured_media":0,"comment_status":"open","ping_status":"closed","template":"","meta":[],"product_brand":[],"product_cat":[137],"product_tag":[],"class_list":{"0":"post-21275","1":"product","2":"type-product","3":"status-publish","5":"product_cat-maros-megyei-eletrajzi-lexikon","7":"first","8":"instock","9":"shipping-taxable","10":"product-type-simple"},"_links":{"self":[{"href":"https:\/\/uj.adatbank.ro\/lexikon\/wp-json\/wp\/v2\/product\/21275","targetHints":{"allow":["GET"]}}],"collection":[{"href":"https:\/\/uj.adatbank.ro\/lexikon\/wp-json\/wp\/v2\/product"}],"about":[{"href":"https:\/\/uj.adatbank.ro\/lexikon\/wp-json\/wp\/v2\/types\/product"}],"replies":[{"embeddable":true,"href":"https:\/\/uj.adatbank.ro\/lexikon\/wp-json\/wp\/v2\/comments?post=21275"}],"wp:attachment":[{"href":"https:\/\/uj.adatbank.ro\/lexikon\/wp-json\/wp\/v2\/media?parent=21275"}],"wp:term":[{"taxonomy":"product_brand","embeddable":true,"href":"https:\/\/uj.adatbank.ro\/lexikon\/wp-json\/wp\/v2\/product_brand?post=21275"},{"taxonomy":"product_cat","embeddable":true,"href":"https:\/\/uj.adatbank.ro\/lexikon\/wp-json\/wp\/v2\/product_cat?post=21275"},{"taxonomy":"product_tag","embeddable":true,"href":"https:\/\/uj.adatbank.ro\/lexikon\/wp-json\/wp\/v2\/product_tag?post=21275"}],"curies":[{"name":"wp","href":"https:\/\/api.w.org\/{rel}","templated":true}]}}