{"id":21276,"date":"2025-07-22T19:19:14","date_gmt":"2025-07-22T17:19:14","guid":{"rendered":"https:\/\/uj.adatbank.ro\/lexikon\/termek\/szabo-miklos-2\/"},"modified":"2025-07-22T19:19:14","modified_gmt":"2025-07-22T17:19:14","slug":"szabo-miklos-2","status":"publish","type":"product","link":"https:\/\/uj.adatbank.ro\/lexikon\/termek\/szabo-miklos-2\/","title":{"rendered":"SZAB\u00d3 Mikl\u00f3s"},"content":{"rendered":"<p>? \u2020?: f\u00f6ldm\u0171ves. \u2013 Cs\u00edkfalv\u00e1r\u00f3l telepedett Nagyerny\u00e9be. Szab\u00f3 Gy\u00f6rgy pl\u00e9b\u00e1nost t\u00e1mogatta anyagilag, B\u00e1lintitt J\u00f3zsefn\u00e9 B\u00e9ldi Georgin\u00e1val k\u00f6z\u00f6sen abban, hogy a szeg\u00e9nyeknek h\u00e1zat \u00e9p\u00edtettek Nagyerny\u00e9ben (1910). Adom\u00e1nyai elismer\u00e9sek\u00e9nt XI. Pius p\u00e1pa Pro Ecclesia et Pontifice c\u00edmmel t\u00fcntette ki (1930).<\/br><\/p>\n","protected":false},"excerpt":{"rendered":"<p>? \u2020?: f\u00f6ldm\u0171ves. \u2013 Cs\u00edkfalv\u00e1r\u00f3l telepedett Nagyerny\u00e9be. Szab\u00f3 Gy\u00f6rgy pl\u00e9b\u00e1nost t\u00e1mogatta anyagilag, B\u00e1lintitt J\u00f3zsefn\u00e9 B\u00e9ldi Georgin\u00e1val k\u00f6z\u00f6sen abban, hogy a szeg\u00e9nyeknek h\u00e1zat \u00e9p\u00edtettek Nagyerny\u00e9ben (1910). Adom\u00e1nyai elismer\u00e9sek\u00e9nt XI. Pius p\u00e1pa Pro Ecclesia et Pontifice c\u00edmmel t\u00fcntette ki (1930).<\/p>\n","protected":false},"featured_media":0,"comment_status":"open","ping_status":"closed","template":"","meta":[],"product_brand":[],"product_cat":[137],"product_tag":[],"class_list":{"0":"post-21276","1":"product","2":"type-product","3":"status-publish","5":"product_cat-maros-megyei-eletrajzi-lexikon","7":"first","8":"instock","9":"shipping-taxable","10":"product-type-simple"},"_links":{"self":[{"href":"https:\/\/uj.adatbank.ro\/lexikon\/wp-json\/wp\/v2\/product\/21276","targetHints":{"allow":["GET"]}}],"collection":[{"href":"https:\/\/uj.adatbank.ro\/lexikon\/wp-json\/wp\/v2\/product"}],"about":[{"href":"https:\/\/uj.adatbank.ro\/lexikon\/wp-json\/wp\/v2\/types\/product"}],"replies":[{"embeddable":true,"href":"https:\/\/uj.adatbank.ro\/lexikon\/wp-json\/wp\/v2\/comments?post=21276"}],"wp:attachment":[{"href":"https:\/\/uj.adatbank.ro\/lexikon\/wp-json\/wp\/v2\/media?parent=21276"}],"wp:term":[{"taxonomy":"product_brand","embeddable":true,"href":"https:\/\/uj.adatbank.ro\/lexikon\/wp-json\/wp\/v2\/product_brand?post=21276"},{"taxonomy":"product_cat","embeddable":true,"href":"https:\/\/uj.adatbank.ro\/lexikon\/wp-json\/wp\/v2\/product_cat?post=21276"},{"taxonomy":"product_tag","embeddable":true,"href":"https:\/\/uj.adatbank.ro\/lexikon\/wp-json\/wp\/v2\/product_tag?post=21276"}],"curies":[{"name":"wp","href":"https:\/\/api.w.org\/{rel}","templated":true}]}}