{"id":21279,"date":"2025-07-22T19:19:19","date_gmt":"2025-07-22T17:19:19","guid":{"rendered":"https:\/\/uj.adatbank.ro\/lexikon\/termek\/szabo-miklos-5\/"},"modified":"2025-07-22T19:19:19","modified_gmt":"2025-07-22T17:19:19","slug":"szabo-miklos-5","status":"publish","type":"product","link":"https:\/\/uj.adatbank.ro\/lexikon\/termek\/szabo-miklos-5\/","title":{"rendered":"SZAB\u00d3 Mikl\u00f3s"},"content":{"rendered":"<p>Sz\u00e9kelyhodos, 1902. nov. 15., \u2020 Bp., 1945. j\u00fal. 1.: r. k. pap. \u2013 Tanulm\u00e1nyait Mv.-en \u00e9s Gyulafeh\u00e9rv\u00e1ron v\u00e9gezte. Papp\u00e1 szentelt\u00e9k (1931. j\u00fan. 28.). Sz\u00e1rhegyen, Zetelak\u00e1n, Ditr\u00f3ban, Nagy\u00e1gon, Homor\u00f3dremet\u00e9n lelkip\u00e1sztor (1931\u201338). <br \/><strong>Irod.:<\/strong> Ferenczi S\u00e1ndor 2009.<\/br><\/p>\n","protected":false},"excerpt":{"rendered":"<p>Sz\u00e9kelyhodos, 1902. nov. 15., \u2020 Bp., 1945. j\u00fal. 1.: r. k. pap. \u2013 Tanulm\u00e1nyait Mv.-en \u00e9s Gyulafeh\u00e9rv\u00e1ron v\u00e9gezte. Papp\u00e1 szentelt\u00e9k (1931. j\u00fan. 28.). Sz\u00e1rhegyen, Zetelak\u00e1n, Ditr\u00f3ban, Nagy\u00e1gon, Homor\u00f3dremet\u00e9n lelkip\u00e1sztor (1931\u201338). Irod.: Ferenczi S\u00e1ndor 2009.<\/p>\n","protected":false},"featured_media":0,"comment_status":"open","ping_status":"closed","template":"","meta":[],"product_brand":[],"product_cat":[137],"product_tag":[],"class_list":{"0":"post-21279","1":"product","2":"type-product","3":"status-publish","5":"product_cat-maros-megyei-eletrajzi-lexikon","7":"first","8":"instock","9":"shipping-taxable","10":"product-type-simple"},"_links":{"self":[{"href":"https:\/\/uj.adatbank.ro\/lexikon\/wp-json\/wp\/v2\/product\/21279","targetHints":{"allow":["GET"]}}],"collection":[{"href":"https:\/\/uj.adatbank.ro\/lexikon\/wp-json\/wp\/v2\/product"}],"about":[{"href":"https:\/\/uj.adatbank.ro\/lexikon\/wp-json\/wp\/v2\/types\/product"}],"replies":[{"embeddable":true,"href":"https:\/\/uj.adatbank.ro\/lexikon\/wp-json\/wp\/v2\/comments?post=21279"}],"wp:attachment":[{"href":"https:\/\/uj.adatbank.ro\/lexikon\/wp-json\/wp\/v2\/media?parent=21279"}],"wp:term":[{"taxonomy":"product_brand","embeddable":true,"href":"https:\/\/uj.adatbank.ro\/lexikon\/wp-json\/wp\/v2\/product_brand?post=21279"},{"taxonomy":"product_cat","embeddable":true,"href":"https:\/\/uj.adatbank.ro\/lexikon\/wp-json\/wp\/v2\/product_cat?post=21279"},{"taxonomy":"product_tag","embeddable":true,"href":"https:\/\/uj.adatbank.ro\/lexikon\/wp-json\/wp\/v2\/product_tag?post=21279"}],"curies":[{"name":"wp","href":"https:\/\/api.w.org\/{rel}","templated":true}]}}