{"id":21285,"date":"2025-07-22T19:19:30","date_gmt":"2025-07-22T17:19:30","guid":{"rendered":"https:\/\/uj.adatbank.ro\/lexikon\/termek\/szabo-otto\/"},"modified":"2025-07-22T19:19:30","modified_gmt":"2025-07-22T17:19:30","slug":"szabo-otto","status":"publish","type":"product","link":"https:\/\/uj.adatbank.ro\/lexikon\/termek\/szabo-otto\/","title":{"rendered":"SZAB\u00d3 Ott\u00f3"},"content":{"rendered":"<p>Szigetv\u00e1r 1920. dec. 20., \u2020 Bp., 1998. nov. 30.: sz\u00edn\u00e9sz. ~ Ern\u0151 sz\u00edn\u00e9sz fia. \u2013 A nagyv\u00e1radi (1944\u2013), a mv.-i Sz\u00e9kely Sz\u00ednh\u00e1z (1948\u201356), a p\u00e9csi Nemzeti Sz\u00ednh\u00e1z (1956\u2013), a veszpr\u00e9mi (1960\u201365), a bp.-i J\u00f3zsef Attila Sz\u00ednh\u00e1z (1966\u201370), a P\u00e9csi Nemzeti Sz\u00ednh\u00e1z (1971\u201372), a debreceni Csokonai Sz\u00ednh\u00e1z (1973\u2013), a bp.-i Pann\u00f3nia Szinkronst\u00fadi\u00f3 (1975\u2013) tagja. J\u00e1szai Mari-d\u00edj (1963). \u2013 <strong>F. sz.:<\/strong> August Jakobson: K\u00e9t t\u00e1bor (1952); B. Gorbatov: Ap\u00e1k ifj\u00fas\u00e1ga (1953); Karwasi Asztolf (Szigligeti Ede: Csik\u00f3s); Pjotr (Gorkij: Kispolg\u00e1rok); Hlesztakov (Gogol: A revizor); G\u00f6rgey (Illy\u00e9s Gyula: F\u00e1klyal\u00e1ng); Tartuffe (Moli\u00e9re); Turai (Moln\u00e1r Ferenc: J\u00e1t\u00e9k a kast\u00e9lyban); Ott\u00f3 (Katona J\u00f3zsef: B\u00e1nk b\u00e1n); Higgins (Shaw: Pygmalion); Macbeth (Shakespeare); Molcsalin (Gribojedov: Az \u00e9sz bajjal j\u00e1r); Corvino (B. Jonson: Volpone); Don Roche (O&#8217;Neill: Egy igazi \u00far); Sergius (Hammel: Kilenckor a hull\u00e1mvas\u00faton). \u2013 I. f.: Bog\u00e1ncs (1958); N\u00e9gyen az \u00e1rban (1961); Asszony a telepen (1962). <br \/><strong>Irod.:<\/strong> A H\u00e9t \u00e9vk\u00f6nyve; Kov\u00e1cs Levente; MSZL; \u00daM\u00c9L.<\/br><\/p>\n","protected":false},"excerpt":{"rendered":"<p>Szigetv\u00e1r 1920. dec. 20., \u2020 Bp., 1998. nov. 30.: sz\u00edn\u00e9sz. ~ Ern\u0151 sz\u00edn\u00e9sz fia. \u2013 A nagyv\u00e1radi (1944\u2013), a mv.-i Sz\u00e9kely Sz\u00ednh\u00e1z (1948\u201356), a p\u00e9csi Nemzeti Sz\u00ednh\u00e1z (1956\u2013), a veszpr\u00e9mi (1960\u201365), a bp.-i J\u00f3zsef Attila Sz\u00ednh\u00e1z (1966\u201370), a P\u00e9csi Nemzeti Sz\u00ednh\u00e1z (1971\u201372), a debreceni Csokonai Sz\u00ednh\u00e1z (1973\u2013), a bp.-i Pann\u00f3nia Szinkronst\u00fadi\u00f3 (1975\u2013) tagja. J\u00e1szai Mari-d\u00edj [&hellip;]<\/p>\n","protected":false},"featured_media":0,"comment_status":"open","ping_status":"closed","template":"","meta":[],"product_brand":[],"product_cat":[137],"product_tag":[],"class_list":{"0":"post-21285","1":"product","2":"type-product","3":"status-publish","5":"product_cat-maros-megyei-eletrajzi-lexikon","7":"first","8":"instock","9":"shipping-taxable","10":"product-type-simple"},"_links":{"self":[{"href":"https:\/\/uj.adatbank.ro\/lexikon\/wp-json\/wp\/v2\/product\/21285","targetHints":{"allow":["GET"]}}],"collection":[{"href":"https:\/\/uj.adatbank.ro\/lexikon\/wp-json\/wp\/v2\/product"}],"about":[{"href":"https:\/\/uj.adatbank.ro\/lexikon\/wp-json\/wp\/v2\/types\/product"}],"replies":[{"embeddable":true,"href":"https:\/\/uj.adatbank.ro\/lexikon\/wp-json\/wp\/v2\/comments?post=21285"}],"wp:attachment":[{"href":"https:\/\/uj.adatbank.ro\/lexikon\/wp-json\/wp\/v2\/media?parent=21285"}],"wp:term":[{"taxonomy":"product_brand","embeddable":true,"href":"https:\/\/uj.adatbank.ro\/lexikon\/wp-json\/wp\/v2\/product_brand?post=21285"},{"taxonomy":"product_cat","embeddable":true,"href":"https:\/\/uj.adatbank.ro\/lexikon\/wp-json\/wp\/v2\/product_cat?post=21285"},{"taxonomy":"product_tag","embeddable":true,"href":"https:\/\/uj.adatbank.ro\/lexikon\/wp-json\/wp\/v2\/product_tag?post=21285"}],"curies":[{"name":"wp","href":"https:\/\/api.w.org\/{rel}","templated":true}]}}