{"id":21287,"date":"2025-07-22T19:19:37","date_gmt":"2025-07-22T17:19:37","guid":{"rendered":"https:\/\/uj.adatbank.ro\/lexikon\/termek\/szabo-pacifik-mihaly-p\/"},"modified":"2025-07-22T19:19:37","modified_gmt":"2025-07-22T17:19:37","slug":"szabo-pacifik-mihaly-p","status":"publish","type":"product","link":"https:\/\/uj.adatbank.ro\/lexikon\/termek\/szabo-pacifik-mihaly-p\/","title":{"rendered":"SZAB\u00d3 Pacifik Mih\u00e1ly, P."},"content":{"rendered":"<p>Cs\u00edkmad\u00e9falva, 1785. nov. 10., \u2020 Kib\u00e9d, 1820. jan. 21.: ferences szerzetes. \u2013 Be\u00f6lt\u00f6z\u00f6tt (1809. dec. 3.), felszentelt\u00e9k (1811. \u00e1pr. 7.). <br \/><strong>Irod.:<\/strong> Gy\u00f6rgy: A ferencrendiek.<\/br><\/p>\n","protected":false},"excerpt":{"rendered":"<p>Cs\u00edkmad\u00e9falva, 1785. nov. 10., \u2020 Kib\u00e9d, 1820. jan. 21.: ferences szerzetes. \u2013 Be\u00f6lt\u00f6z\u00f6tt (1809. dec. 3.), felszentelt\u00e9k (1811. \u00e1pr. 7.). Irod.: Gy\u00f6rgy: A ferencrendiek.<\/p>\n","protected":false},"featured_media":0,"comment_status":"open","ping_status":"closed","template":"","meta":[],"product_brand":[],"product_cat":[137],"product_tag":[],"class_list":{"0":"post-21287","1":"product","2":"type-product","3":"status-publish","5":"product_cat-maros-megyei-eletrajzi-lexikon","7":"first","8":"instock","9":"shipping-taxable","10":"product-type-simple"},"_links":{"self":[{"href":"https:\/\/uj.adatbank.ro\/lexikon\/wp-json\/wp\/v2\/product\/21287","targetHints":{"allow":["GET"]}}],"collection":[{"href":"https:\/\/uj.adatbank.ro\/lexikon\/wp-json\/wp\/v2\/product"}],"about":[{"href":"https:\/\/uj.adatbank.ro\/lexikon\/wp-json\/wp\/v2\/types\/product"}],"replies":[{"embeddable":true,"href":"https:\/\/uj.adatbank.ro\/lexikon\/wp-json\/wp\/v2\/comments?post=21287"}],"wp:attachment":[{"href":"https:\/\/uj.adatbank.ro\/lexikon\/wp-json\/wp\/v2\/media?parent=21287"}],"wp:term":[{"taxonomy":"product_brand","embeddable":true,"href":"https:\/\/uj.adatbank.ro\/lexikon\/wp-json\/wp\/v2\/product_brand?post=21287"},{"taxonomy":"product_cat","embeddable":true,"href":"https:\/\/uj.adatbank.ro\/lexikon\/wp-json\/wp\/v2\/product_cat?post=21287"},{"taxonomy":"product_tag","embeddable":true,"href":"https:\/\/uj.adatbank.ro\/lexikon\/wp-json\/wp\/v2\/product_tag?post=21287"}],"curies":[{"name":"wp","href":"https:\/\/api.w.org\/{rel}","templated":true}]}}