{"id":21289,"date":"2025-07-22T19:19:40","date_gmt":"2025-07-22T17:19:40","guid":{"rendered":"https:\/\/uj.adatbank.ro\/lexikon\/termek\/szabo-pal-2\/"},"modified":"2025-07-22T19:19:40","modified_gmt":"2025-07-22T17:19:40","slug":"szabo-pal-2","status":"publish","type":"product","link":"https:\/\/uj.adatbank.ro\/lexikon\/termek\/szabo-pal-2\/","title":{"rendered":"SZAB\u00d3 P\u00e1l"},"content":{"rendered":"<p>D\u00e9s, 1924. nov. 8., \u2020 Mv., 1991. szept. 27.: orvos, fizioter\u00e1pi\u00e1s f\u0151orvos. \u2013 Feles\u00e9ge: Ny\u00e1r\u00e1dy Olga (\u2020 Mv., 1993. jan. 8.). Gyermekeik: \u00c1gnes, Cs\u00edky Boldizs\u00e1rn\u00e9; Szab\u00f3 Zolt\u00e1n Zsolt. \u2013 A k\u00f6z\u00e9piskol\u00e1t D\u00e9sen (1945), az egyetemet Mv.-en v\u00e9gezte az els\u0151 v\u00e1s\u00e1rhelyi v\u00e9gz\u0151s MOGYI \u00c1ltal\u00e1nos Orvosi Kar\u00e1n (1950); doktor\u00e1lt (1977). Disszert\u00e1ci\u00f3j\u00e1nak c\u00edme: T\u00f6bbir\u00e1ny\u00fa gerincoszlopnyul\u00e1s a lumbago \u00e9s ischias kezel\u00e9s\u00e9ben. (1977). Mv.-en a Fert\u0151z\u0151 Betegs\u00e9gek Klinik\u00e1j\u00e1n gyakornok (1949\u201351); gyakorl\u00f3 orvos (1951\u201353), szakorvos (1953\u201354); Dics\u0151szentm\u00e1rtonban a k\u00f3rh\u00e1z belgy\u00f3gy\u00e1sza (1954\u201357), majd Marosh\u00e9v\u00edzen belgy\u00f3gy\u00e1sz szakorvos, k\u00f3rh\u00e1zigazgat\u00f3 (1957\u201360). Mv.-en tan\u00edtott a k\u00f6z\u00e9pfok\u00fa Eg\u00e9szs\u00e9g\u00fcgyi Iskol\u00e1ban (1960\u201362); balneo-fizioter\u00e1piai szakvizsg\u00e1t tett \u00e9s f\u0151orvos a Mv.i Klinikai K\u00f3rh\u00e1zak Fizioter\u00e1piai r\u00e9szleg\u00e9n, amelynek egyben alap\u00edt\u00f3 tagja (1962\u2013). Kezdem\u00e9nyez\u0151je \u00e9s alap\u00edt\u00f3tagja a CARIT-SAN-nak, Mv.els\u0151 mag\u00e1n Poliklinik\u00e1j\u00e1nak (1989). Kutat\u00e1si ter\u00fclete: diszkuszs\u00e9rves betegek rehabilit\u00e1ci\u00f3ja. \u00daj m\u00f3dszert dolgozott ki a mesters\u00e9ges sz\u00e9nsavas f\u00fcrd\u0151k el\u0151\u00e1ll\u00edt\u00e1s\u00e1ra (1965). Dolgozatokkal vett r\u00e9szt hazai \u00e9s nemzetk\u00f6zi szimp\u00f3ziumokon, konferenci\u00e1kon: Mv (1964, 1967\u201389), Buc. (1964, 67, 71, 80, 88), Nagyszeben (1967), Szov\u00e1ta (1978), Kv. (1983), Brass\u00f3 (1985), Bp (1971). \u2013 <strong>F. m.<\/strong>: Balneofizioter\u00e1piai \u00e9s orvosi rehabilit\u00e1ci\u00f3s jegyzet orvostanhallgat\u00f3k r\u00e9sz\u00e9re (Mv., 1986); Simpozionul jubiliar 25 de ani de fizioterapie la Tg.M. (Tg.M, 1987). <br \/><strong>Irod.:<\/strong> Kiss Cs. M 4.; [Nekrol\u00f3g] (N\u00fa., 1991. okt.1.); P\u00e9ter; Tett (1977\/1); Todea.<\/br><\/p>\n","protected":false},"excerpt":{"rendered":"<p>D\u00e9s, 1924. nov. 8., \u2020 Mv., 1991. szept. 27.: orvos, fizioter\u00e1pi\u00e1s f\u0151orvos. \u2013 Feles\u00e9ge: Ny\u00e1r\u00e1dy Olga (\u2020 Mv., 1993. jan. 8.). Gyermekeik: \u00c1gnes, Cs\u00edky Boldizs\u00e1rn\u00e9; Szab\u00f3 Zolt\u00e1n Zsolt. \u2013 A k\u00f6z\u00e9piskol\u00e1t D\u00e9sen (1945), az egyetemet Mv.-en v\u00e9gezte az els\u0151 v\u00e1s\u00e1rhelyi v\u00e9gz\u0151s MOGYI \u00c1ltal\u00e1nos Orvosi Kar\u00e1n (1950); doktor\u00e1lt (1977). Disszert\u00e1ci\u00f3j\u00e1nak c\u00edme: T\u00f6bbir\u00e1ny\u00fa gerincoszlopnyul\u00e1s a lumbago \u00e9s [&hellip;]<\/p>\n","protected":false},"featured_media":0,"comment_status":"open","ping_status":"closed","template":"","meta":[],"product_brand":[],"product_cat":[137],"product_tag":[],"class_list":{"0":"post-21289","1":"product","2":"type-product","3":"status-publish","5":"product_cat-maros-megyei-eletrajzi-lexikon","7":"first","8":"instock","9":"shipping-taxable","10":"product-type-simple"},"_links":{"self":[{"href":"https:\/\/uj.adatbank.ro\/lexikon\/wp-json\/wp\/v2\/product\/21289","targetHints":{"allow":["GET"]}}],"collection":[{"href":"https:\/\/uj.adatbank.ro\/lexikon\/wp-json\/wp\/v2\/product"}],"about":[{"href":"https:\/\/uj.adatbank.ro\/lexikon\/wp-json\/wp\/v2\/types\/product"}],"replies":[{"embeddable":true,"href":"https:\/\/uj.adatbank.ro\/lexikon\/wp-json\/wp\/v2\/comments?post=21289"}],"wp:attachment":[{"href":"https:\/\/uj.adatbank.ro\/lexikon\/wp-json\/wp\/v2\/media?parent=21289"}],"wp:term":[{"taxonomy":"product_brand","embeddable":true,"href":"https:\/\/uj.adatbank.ro\/lexikon\/wp-json\/wp\/v2\/product_brand?post=21289"},{"taxonomy":"product_cat","embeddable":true,"href":"https:\/\/uj.adatbank.ro\/lexikon\/wp-json\/wp\/v2\/product_cat?post=21289"},{"taxonomy":"product_tag","embeddable":true,"href":"https:\/\/uj.adatbank.ro\/lexikon\/wp-json\/wp\/v2\/product_tag?post=21289"}],"curies":[{"name":"wp","href":"https:\/\/api.w.org\/{rel}","templated":true}]}}