{"id":2129,"date":"2025-06-28T12:04:41","date_gmt":"2025-06-28T10:04:41","guid":{"rendered":"https:\/\/uj.adatbank.ro\/lexikon\/termek\/banciu-nicolae\/"},"modified":"2025-06-28T12:04:41","modified_gmt":"2025-06-28T10:04:41","slug":"banciu-nicolae","status":"publish","type":"product","link":"https:\/\/uj.adatbank.ro\/lexikon\/termek\/banciu-nicolae\/","title":{"rendered":"BANCIU Nicolae"},"content":{"rendered":"<p>? \u2020 ? : f\u00f6ldbirtokos. \u2013 F\u00f6ldtulajdonos Ol\u00e1hszentl\u00e1szl\u00f3n. A f\u00f6ldoszt\u00e1skor kisaj\u00e1t\u00edtottak birtokaib\u00f3l 250 n\u00f6. f\u00f6ldet a betelepedett rom\u00e1n lakosok h\u00e1zhelye r\u00e9sz\u00e9re (1922. aug. 5.). <br \/><strong>Irod.:<\/strong> Prozan<\/br><\/p>\n","protected":false},"excerpt":{"rendered":"<p>? \u2020 ? : f\u00f6ldbirtokos. \u2013 F\u00f6ldtulajdonos Ol\u00e1hszentl\u00e1szl\u00f3n. A f\u00f6ldoszt\u00e1skor kisaj\u00e1t\u00edtottak birtokaib\u00f3l 250 n\u00f6. f\u00f6ldet a betelepedett rom\u00e1n lakosok h\u00e1zhelye r\u00e9sz\u00e9re (1922. aug. 5.). Irod.: Prozan<\/p>\n","protected":false},"featured_media":0,"comment_status":"open","ping_status":"closed","template":"","meta":[],"product_brand":[],"product_cat":[137],"product_tag":[],"class_list":{"0":"post-2129","1":"product","2":"type-product","3":"status-publish","5":"product_cat-maros-megyei-eletrajzi-lexikon","7":"first","8":"instock","9":"shipping-taxable","10":"product-type-simple"},"_links":{"self":[{"href":"https:\/\/uj.adatbank.ro\/lexikon\/wp-json\/wp\/v2\/product\/2129","targetHints":{"allow":["GET"]}}],"collection":[{"href":"https:\/\/uj.adatbank.ro\/lexikon\/wp-json\/wp\/v2\/product"}],"about":[{"href":"https:\/\/uj.adatbank.ro\/lexikon\/wp-json\/wp\/v2\/types\/product"}],"replies":[{"embeddable":true,"href":"https:\/\/uj.adatbank.ro\/lexikon\/wp-json\/wp\/v2\/comments?post=2129"}],"wp:attachment":[{"href":"https:\/\/uj.adatbank.ro\/lexikon\/wp-json\/wp\/v2\/media?parent=2129"}],"wp:term":[{"taxonomy":"product_brand","embeddable":true,"href":"https:\/\/uj.adatbank.ro\/lexikon\/wp-json\/wp\/v2\/product_brand?post=2129"},{"taxonomy":"product_cat","embeddable":true,"href":"https:\/\/uj.adatbank.ro\/lexikon\/wp-json\/wp\/v2\/product_cat?post=2129"},{"taxonomy":"product_tag","embeddable":true,"href":"https:\/\/uj.adatbank.ro\/lexikon\/wp-json\/wp\/v2\/product_tag?post=2129"}],"curies":[{"name":"wp","href":"https:\/\/api.w.org\/{rel}","templated":true}]}}