{"id":21293,"date":"2025-07-22T19:19:49","date_gmt":"2025-07-22T17:19:49","guid":{"rendered":"https:\/\/uj.adatbank.ro\/lexikon\/termek\/szabo-peter-4\/"},"modified":"2025-07-22T19:19:49","modified_gmt":"2025-07-22T17:19:49","slug":"szabo-peter-4","status":"publish","type":"product","link":"https:\/\/uj.adatbank.ro\/lexikon\/termek\/szabo-peter-4\/","title":{"rendered":"SZAB\u00d3 P\u00e9ter"},"content":{"rendered":"<p>1793. m\u00e1j. 14., \u2020\u00a01855. m\u00e1j. 14.: r. k. pap. \u2013 Papp\u00e1 szentelt\u00e9k (1819. aug. 23.). K\u00e1pl\u00e1n Kapnikb\u00e1ny\u00e1n, pl\u00e9b\u00e1nos Mez\u0151s\u00e1msondon (1822), Sz\u00e1szerkeden (1827) \u00e9s ism\u00e9t Mez\u0151s\u00e1msondon (1828\u2013). <br \/><strong>Irod.:<\/strong> Ferenczi S\u00e1ndor 2009; Maros megyei m. t\u00f6rt.5.<\/br><\/p>\n","protected":false},"excerpt":{"rendered":"<p>1793. m\u00e1j. 14., \u2020\u00a01855. m\u00e1j. 14.: r. k. pap. \u2013 Papp\u00e1 szentelt\u00e9k (1819. aug. 23.). K\u00e1pl\u00e1n Kapnikb\u00e1ny\u00e1n, pl\u00e9b\u00e1nos Mez\u0151s\u00e1msondon (1822), Sz\u00e1szerkeden (1827) \u00e9s ism\u00e9t Mez\u0151s\u00e1msondon (1828\u2013). Irod.: Ferenczi S\u00e1ndor 2009; Maros megyei m. t\u00f6rt.5.<\/p>\n","protected":false},"featured_media":0,"comment_status":"open","ping_status":"closed","template":"","meta":[],"product_brand":[],"product_cat":[137],"product_tag":[],"class_list":{"0":"post-21293","1":"product","2":"type-product","3":"status-publish","5":"product_cat-maros-megyei-eletrajzi-lexikon","7":"first","8":"instock","9":"shipping-taxable","10":"product-type-simple"},"_links":{"self":[{"href":"https:\/\/uj.adatbank.ro\/lexikon\/wp-json\/wp\/v2\/product\/21293","targetHints":{"allow":["GET"]}}],"collection":[{"href":"https:\/\/uj.adatbank.ro\/lexikon\/wp-json\/wp\/v2\/product"}],"about":[{"href":"https:\/\/uj.adatbank.ro\/lexikon\/wp-json\/wp\/v2\/types\/product"}],"replies":[{"embeddable":true,"href":"https:\/\/uj.adatbank.ro\/lexikon\/wp-json\/wp\/v2\/comments?post=21293"}],"wp:attachment":[{"href":"https:\/\/uj.adatbank.ro\/lexikon\/wp-json\/wp\/v2\/media?parent=21293"}],"wp:term":[{"taxonomy":"product_brand","embeddable":true,"href":"https:\/\/uj.adatbank.ro\/lexikon\/wp-json\/wp\/v2\/product_brand?post=21293"},{"taxonomy":"product_cat","embeddable":true,"href":"https:\/\/uj.adatbank.ro\/lexikon\/wp-json\/wp\/v2\/product_cat?post=21293"},{"taxonomy":"product_tag","embeddable":true,"href":"https:\/\/uj.adatbank.ro\/lexikon\/wp-json\/wp\/v2\/product_tag?post=21293"}],"curies":[{"name":"wp","href":"https:\/\/api.w.org\/{rel}","templated":true}]}}