{"id":21294,"date":"2025-07-22T19:19:50","date_gmt":"2025-07-22T17:19:50","guid":{"rendered":"https:\/\/uj.adatbank.ro\/lexikon\/termek\/szabo-peter-5\/"},"modified":"2025-07-22T19:19:50","modified_gmt":"2025-07-22T17:19:50","slug":"szabo-peter-5","status":"publish","type":"product","link":"https:\/\/uj.adatbank.ro\/lexikon\/termek\/szabo-peter-5\/","title":{"rendered":"SZAB\u00d3 P\u00e9ter"},"content":{"rendered":"<p>? \u2020: ?: Feles\u00e9ge: Jeddi Borb\u00e1ra (1842? \u2013 Mv., 1874. nov. 15.). Gyermekeik: Sz. S\u00e1ndor; Sz. Anna, Jeddi Gergelyn\u00e9. <br \/><strong>Irod.:<\/strong> Gy\u00e1szjelent\u0151.<\/br><\/p>\n","protected":false},"excerpt":{"rendered":"<p>? \u2020: ?: Feles\u00e9ge: Jeddi Borb\u00e1ra (1842? \u2013 Mv., 1874. nov. 15.). Gyermekeik: Sz. S\u00e1ndor; Sz. Anna, Jeddi Gergelyn\u00e9. Irod.: Gy\u00e1szjelent\u0151.<\/p>\n","protected":false},"featured_media":0,"comment_status":"open","ping_status":"closed","template":"","meta":[],"product_brand":[],"product_cat":[137],"product_tag":[],"class_list":{"0":"post-21294","1":"product","2":"type-product","3":"status-publish","5":"product_cat-maros-megyei-eletrajzi-lexikon","7":"first","8":"instock","9":"shipping-taxable","10":"product-type-simple"},"_links":{"self":[{"href":"https:\/\/uj.adatbank.ro\/lexikon\/wp-json\/wp\/v2\/product\/21294","targetHints":{"allow":["GET"]}}],"collection":[{"href":"https:\/\/uj.adatbank.ro\/lexikon\/wp-json\/wp\/v2\/product"}],"about":[{"href":"https:\/\/uj.adatbank.ro\/lexikon\/wp-json\/wp\/v2\/types\/product"}],"replies":[{"embeddable":true,"href":"https:\/\/uj.adatbank.ro\/lexikon\/wp-json\/wp\/v2\/comments?post=21294"}],"wp:attachment":[{"href":"https:\/\/uj.adatbank.ro\/lexikon\/wp-json\/wp\/v2\/media?parent=21294"}],"wp:term":[{"taxonomy":"product_brand","embeddable":true,"href":"https:\/\/uj.adatbank.ro\/lexikon\/wp-json\/wp\/v2\/product_brand?post=21294"},{"taxonomy":"product_cat","embeddable":true,"href":"https:\/\/uj.adatbank.ro\/lexikon\/wp-json\/wp\/v2\/product_cat?post=21294"},{"taxonomy":"product_tag","embeddable":true,"href":"https:\/\/uj.adatbank.ro\/lexikon\/wp-json\/wp\/v2\/product_tag?post=21294"}],"curies":[{"name":"wp","href":"https:\/\/api.w.org\/{rel}","templated":true}]}}