{"id":21295,"date":"2025-07-22T19:19:53","date_gmt":"2025-07-22T17:19:53","guid":{"rendered":"https:\/\/uj.adatbank.ro\/lexikon\/termek\/szabo-peter-6\/"},"modified":"2025-07-22T19:19:53","modified_gmt":"2025-07-22T17:19:53","slug":"szabo-peter-6","status":"publish","type":"product","link":"https:\/\/uj.adatbank.ro\/lexikon\/termek\/szabo-peter-6\/","title":{"rendered":"SZAB\u00d3 P\u00e9ter"},"content":{"rendered":"<p>Mv., 1867. m\u00e1j. 2., \u2020 Bp., 1914. szept. 24.: matematikus, pedag\u00f3gus. \u2013 Sz. S\u00e1muel gimn. tan\u00e1r (1829\u20131905) fia. Feles\u00e9ge: Czirner Laura. \u2013 \u00c9desapja otthon tan\u00edtotta, majd be\u00edratta a kv.-i Ref. Koll.-ba, ahol \u00e9retts\u00e9gizett (1886). A kv.-i FJTE-en matem.-fizika szakos tan\u00e1ri oklevelet szerzett (1891). A berlini egy.-en (1892\u201393), P\u00e1rizsban a Sorbonne B\u00f6lcs. Kar\u00e1n tanult (1894\u201395), a kv.-i egy.-en b\u00f6lcs\u00e9szdoktori oklevelet szerzett (1895). Tanulm\u00e1ny\u00fatj\u00e1r\u00f3l besz\u00e1mol\u00f3t k\u00f6z\u00f6lt az EME Orvos- \u00e9s Term\u00e9szettudom\u00e1ny \u00c9rtes\u00edt\u0151j\u00e9ben (1895). A kv.-i polg\u00e1ri fi\u00faisk.-ban (1894\u2013), Bp.-en a fels\u0151bb le\u00e1nyisk.-ban (1896. jan. 1.\u2013), a k\u00f6z\u00e9pisk. tan\u00e1rk\u00e9pz\u0151 int. gyakorl\u00f3-gimn.-\u00e1ban \u00e9s a tov\u00e1bbk\u00e9pz\u0151 tanfolyamokon tan\u00e1r volt (1900. szept. 1.\u2013). Jelent\u0151s\u00f6k a k\u00e9t Bolyaira vonatkoz\u00f3 kutat\u00e1sai. Apja hagyat\u00e9k\u00e1ban \u00e9rt\u00e9kes k\u00e9ziratokat tal\u00e1lt, pl. Gauss-lev\u00e9l. A Bolyai geometria egyes k\u00e9rd\u00e9seivel \u00e9s a determin\u00e1nsok elm\u00e9let\u00e9vel foglalkozott. \u00c9rt\u00e9kes Bolyai \u2013 forr\u00e1sk\u00f6zl\u0151. Fontos Bolyai-dokumentumokat aj\u00e1nd\u00e9kozott k\u00f6zgy\u0171jtem\u00e9nyeknek. \u2013 <strong><strong>F. m.<\/strong><\/strong>: Az algebrai testek elm\u00e9let\u00e9nek alkalmaz\u00e1sa algebrai egyenletek redukci\u00f3j\u00e1ra (Kv., 1894); Adal\u00e9kok Gauss \u00e9s Bolyai levelez\u00e9s\u00e9hez \u00e9s Bolyai Farkas \u00e9letrajz\u00e1hoz (Bp., 1907); Bolyai J\u00e1nos ifj\u00fas\u00e1ga 1802\u20131822 (Mat. \u00e9s Phys. L., Bp., 1910); Bolyai Farkas t\u00f6rekv\u00e9sei az erd\u00e9szeti p\u00e1ly\u00e1ra (Bp., 1914). <br \/><strong>Irod.:<\/strong> Bolyaiak nyom\u00e1ban; M\u00c9L; MTL; MTTT; Ol\u00e1h-G\u00e1l R\u00f3bert: Aki Bolyai Farkast testv\u00e9r\u00e9v\u00e9 fogadta 1 \u2013 (N\u00fa., M\u00fazsa, 230. sz., 2010. j\u00fal. 17.); Ol\u00e1h-G\u00e1l R\u00f3bert: 100 \u00e9ve hunyt el az els\u0151 Bolyai-forr\u00e1sk\u00f6zl\u0151 (N\u00fa., Sz\u00ednes Vil\u00e1g, 2014. dec. 19); Szab\u00f3\u2013Simon\u2013Sz\u00f6gi, \u00daM\u00c9L.<\/br><\/p>\n","protected":false},"excerpt":{"rendered":"<p>Mv., 1867. m\u00e1j. 2., \u2020 Bp., 1914. szept. 24.: matematikus, pedag\u00f3gus. \u2013 Sz. S\u00e1muel gimn. tan\u00e1r (1829\u20131905) fia. Feles\u00e9ge: Czirner Laura. \u2013 \u00c9desapja otthon tan\u00edtotta, majd be\u00edratta a kv.-i Ref. Koll.-ba, ahol \u00e9retts\u00e9gizett (1886). A kv.-i FJTE-en matem.-fizika szakos tan\u00e1ri oklevelet szerzett (1891). A berlini egy.-en (1892\u201393), P\u00e1rizsban a Sorbonne B\u00f6lcs. Kar\u00e1n tanult (1894\u201395), a [&hellip;]<\/p>\n","protected":false},"featured_media":0,"comment_status":"open","ping_status":"closed","template":"","meta":[],"product_brand":[],"product_cat":[137],"product_tag":[],"class_list":{"0":"post-21295","1":"product","2":"type-product","3":"status-publish","5":"product_cat-maros-megyei-eletrajzi-lexikon","7":"first","8":"instock","9":"shipping-taxable","10":"product-type-simple"},"_links":{"self":[{"href":"https:\/\/uj.adatbank.ro\/lexikon\/wp-json\/wp\/v2\/product\/21295","targetHints":{"allow":["GET"]}}],"collection":[{"href":"https:\/\/uj.adatbank.ro\/lexikon\/wp-json\/wp\/v2\/product"}],"about":[{"href":"https:\/\/uj.adatbank.ro\/lexikon\/wp-json\/wp\/v2\/types\/product"}],"replies":[{"embeddable":true,"href":"https:\/\/uj.adatbank.ro\/lexikon\/wp-json\/wp\/v2\/comments?post=21295"}],"wp:attachment":[{"href":"https:\/\/uj.adatbank.ro\/lexikon\/wp-json\/wp\/v2\/media?parent=21295"}],"wp:term":[{"taxonomy":"product_brand","embeddable":true,"href":"https:\/\/uj.adatbank.ro\/lexikon\/wp-json\/wp\/v2\/product_brand?post=21295"},{"taxonomy":"product_cat","embeddable":true,"href":"https:\/\/uj.adatbank.ro\/lexikon\/wp-json\/wp\/v2\/product_cat?post=21295"},{"taxonomy":"product_tag","embeddable":true,"href":"https:\/\/uj.adatbank.ro\/lexikon\/wp-json\/wp\/v2\/product_tag?post=21295"}],"curies":[{"name":"wp","href":"https:\/\/api.w.org\/{rel}","templated":true}]}}