{"id":21297,"date":"2025-07-22T19:19:57","date_gmt":"2025-07-22T17:19:57","guid":{"rendered":"https:\/\/uj.adatbank.ro\/lexikon\/termek\/szabo-peter-sepsiilyefalvi\/"},"modified":"2025-07-22T19:19:57","modified_gmt":"2025-07-22T17:19:57","slug":"szabo-peter-sepsiilyefalvi","status":"publish","type":"product","link":"https:\/\/uj.adatbank.ro\/lexikon\/termek\/szabo-peter-sepsiilyefalvi\/","title":{"rendered":"SZAB\u00d3 P\u00e9ter, sepsiilyefalvi"},"content":{"rendered":"<p>? \u2020: ?: Feles\u00e9ge: L\u00e1szl\u00f3 \u00c1gnes (1807? \u2013 Mv., 1883. szept. 8.). Gyermekeik: Sz. S\u00e1ndor; Sz. Anna, Jeddi S\u00e1ndorn\u00e9. <br \/><strong>Irod.:<\/strong> Gy\u00e1szjelent\u0151.<\/br><\/p>\n","protected":false},"excerpt":{"rendered":"<p>? \u2020: ?: Feles\u00e9ge: L\u00e1szl\u00f3 \u00c1gnes (1807? \u2013 Mv., 1883. szept. 8.). Gyermekeik: Sz. S\u00e1ndor; Sz. Anna, Jeddi S\u00e1ndorn\u00e9. Irod.: Gy\u00e1szjelent\u0151.<\/p>\n","protected":false},"featured_media":0,"comment_status":"open","ping_status":"closed","template":"","meta":[],"product_brand":[],"product_cat":[137],"product_tag":[],"class_list":{"0":"post-21297","1":"product","2":"type-product","3":"status-publish","5":"product_cat-maros-megyei-eletrajzi-lexikon","7":"first","8":"instock","9":"shipping-taxable","10":"product-type-simple"},"_links":{"self":[{"href":"https:\/\/uj.adatbank.ro\/lexikon\/wp-json\/wp\/v2\/product\/21297","targetHints":{"allow":["GET"]}}],"collection":[{"href":"https:\/\/uj.adatbank.ro\/lexikon\/wp-json\/wp\/v2\/product"}],"about":[{"href":"https:\/\/uj.adatbank.ro\/lexikon\/wp-json\/wp\/v2\/types\/product"}],"replies":[{"embeddable":true,"href":"https:\/\/uj.adatbank.ro\/lexikon\/wp-json\/wp\/v2\/comments?post=21297"}],"wp:attachment":[{"href":"https:\/\/uj.adatbank.ro\/lexikon\/wp-json\/wp\/v2\/media?parent=21297"}],"wp:term":[{"taxonomy":"product_brand","embeddable":true,"href":"https:\/\/uj.adatbank.ro\/lexikon\/wp-json\/wp\/v2\/product_brand?post=21297"},{"taxonomy":"product_cat","embeddable":true,"href":"https:\/\/uj.adatbank.ro\/lexikon\/wp-json\/wp\/v2\/product_cat?post=21297"},{"taxonomy":"product_tag","embeddable":true,"href":"https:\/\/uj.adatbank.ro\/lexikon\/wp-json\/wp\/v2\/product_tag?post=21297"}],"curies":[{"name":"wp","href":"https:\/\/api.w.org\/{rel}","templated":true}]}}