{"id":21302,"date":"2025-07-22T19:20:08","date_gmt":"2025-07-22T17:20:08","guid":{"rendered":"https:\/\/uj.adatbank.ro\/lexikon\/termek\/szabo-samuel-4\/"},"modified":"2025-07-22T19:20:08","modified_gmt":"2025-07-22T17:20:08","slug":"szabo-samuel-4","status":"publish","type":"product","link":"https:\/\/uj.adatbank.ro\/lexikon\/termek\/szabo-samuel-4\/","title":{"rendered":"SZAB\u00d3 S\u00e1muel"},"content":{"rendered":"<p>G\u00f6rg\u00e9nyszentimre, 1903., \u2020\u00a0Marosv\u00e9cs, 1985. m\u00e1rc. 16.: ref. lelk\u00e9sz. \u2013 Mv.-en \u00e9retts\u00e9gizett, majd Kv.-on szerzett lelk\u00e9szi oklevelet (1927). Gy\u00f6rgyfalv\u00e1n volt lelk\u00e9sz, majd Marosv\u00e9csre h\u00edvt\u00e1k meg (1936\u2013). A Hangya \u00e9s a Tejsz\u00f6vetkezet eln\u00f6ke \u00e9s megalap\u00edt\u00f3ja. T\u00f6bb m. vonatkoz\u00e1s\u00fa egyh\u00e1zi munk\u00e1ja jelent meg. \u2013 Irod: Sz\u00e9kelyf\u00f6ld \u00ed. k.<\/br><\/p>\n","protected":false},"excerpt":{"rendered":"<p>G\u00f6rg\u00e9nyszentimre, 1903., \u2020\u00a0Marosv\u00e9cs, 1985. m\u00e1rc. 16.: ref. lelk\u00e9sz. \u2013 Mv.-en \u00e9retts\u00e9gizett, majd Kv.-on szerzett lelk\u00e9szi oklevelet (1927). Gy\u00f6rgyfalv\u00e1n volt lelk\u00e9sz, majd Marosv\u00e9csre h\u00edvt\u00e1k meg (1936\u2013). A Hangya \u00e9s a Tejsz\u00f6vetkezet eln\u00f6ke \u00e9s megalap\u00edt\u00f3ja. T\u00f6bb m. vonatkoz\u00e1s\u00fa egyh\u00e1zi munk\u00e1ja jelent meg. \u2013 Irod: Sz\u00e9kelyf\u00f6ld \u00ed. k.<\/p>\n","protected":false},"featured_media":0,"comment_status":"open","ping_status":"closed","template":"","meta":[],"product_brand":[],"product_cat":[137],"product_tag":[],"class_list":{"0":"post-21302","1":"product","2":"type-product","3":"status-publish","5":"product_cat-maros-megyei-eletrajzi-lexikon","7":"first","8":"instock","9":"shipping-taxable","10":"product-type-simple"},"_links":{"self":[{"href":"https:\/\/uj.adatbank.ro\/lexikon\/wp-json\/wp\/v2\/product\/21302","targetHints":{"allow":["GET"]}}],"collection":[{"href":"https:\/\/uj.adatbank.ro\/lexikon\/wp-json\/wp\/v2\/product"}],"about":[{"href":"https:\/\/uj.adatbank.ro\/lexikon\/wp-json\/wp\/v2\/types\/product"}],"replies":[{"embeddable":true,"href":"https:\/\/uj.adatbank.ro\/lexikon\/wp-json\/wp\/v2\/comments?post=21302"}],"wp:attachment":[{"href":"https:\/\/uj.adatbank.ro\/lexikon\/wp-json\/wp\/v2\/media?parent=21302"}],"wp:term":[{"taxonomy":"product_brand","embeddable":true,"href":"https:\/\/uj.adatbank.ro\/lexikon\/wp-json\/wp\/v2\/product_brand?post=21302"},{"taxonomy":"product_cat","embeddable":true,"href":"https:\/\/uj.adatbank.ro\/lexikon\/wp-json\/wp\/v2\/product_cat?post=21302"},{"taxonomy":"product_tag","embeddable":true,"href":"https:\/\/uj.adatbank.ro\/lexikon\/wp-json\/wp\/v2\/product_tag?post=21302"}],"curies":[{"name":"wp","href":"https:\/\/api.w.org\/{rel}","templated":true}]}}