{"id":21303,"date":"2025-07-22T19:20:09","date_gmt":"2025-07-22T17:20:09","guid":{"rendered":"https:\/\/uj.adatbank.ro\/lexikon\/termek\/szabo-samuel-5\/"},"modified":"2025-07-22T19:20:09","modified_gmt":"2025-07-22T17:20:09","slug":"szabo-samuel-5","status":"publish","type":"product","link":"https:\/\/uj.adatbank.ro\/lexikon\/termek\/szabo-samuel-5\/","title":{"rendered":"SZAB\u00d3 S\u00e1muel"},"content":{"rendered":"<p>? \u2020?: k\u00f6nyvkeresked\u0151. \u2013 T\u00e1rstulajdonosa volt Mv.-en a Lakatos \u00e9s Szab\u00f3 Nyomda-, K\u00f6nyvkeresked\u00e9s- \u00e9s K\u00f6nyvk\u00f6t\u0151d\u00e9nek (1926)., majd az Apollo k\u00f6nyvesbolt egyed\u00fcli tulajdonosa volt (1926), miut\u00e1n a c\u00e9gb\u0151l kiv\u00e1lt t\u00e1rsa Lakatos Andor. <br \/><strong>Irod.:<\/strong> Id\u0151t\u00e1r 3; Pan\u0103.<\/br><\/p>\n","protected":false},"excerpt":{"rendered":"<p>? \u2020?: k\u00f6nyvkeresked\u0151. \u2013 T\u00e1rstulajdonosa volt Mv.-en a Lakatos \u00e9s Szab\u00f3 Nyomda-, K\u00f6nyvkeresked\u00e9s- \u00e9s K\u00f6nyvk\u00f6t\u0151d\u00e9nek (1926)., majd az Apollo k\u00f6nyvesbolt egyed\u00fcli tulajdonosa volt (1926), miut\u00e1n a c\u00e9gb\u0151l kiv\u00e1lt t\u00e1rsa Lakatos Andor. Irod.: Id\u0151t\u00e1r 3; Pan\u0103.<\/p>\n","protected":false},"featured_media":0,"comment_status":"open","ping_status":"closed","template":"","meta":[],"product_brand":[],"product_cat":[137],"product_tag":[],"class_list":{"0":"post-21303","1":"product","2":"type-product","3":"status-publish","5":"product_cat-maros-megyei-eletrajzi-lexikon","7":"first","8":"instock","9":"shipping-taxable","10":"product-type-simple"},"_links":{"self":[{"href":"https:\/\/uj.adatbank.ro\/lexikon\/wp-json\/wp\/v2\/product\/21303","targetHints":{"allow":["GET"]}}],"collection":[{"href":"https:\/\/uj.adatbank.ro\/lexikon\/wp-json\/wp\/v2\/product"}],"about":[{"href":"https:\/\/uj.adatbank.ro\/lexikon\/wp-json\/wp\/v2\/types\/product"}],"replies":[{"embeddable":true,"href":"https:\/\/uj.adatbank.ro\/lexikon\/wp-json\/wp\/v2\/comments?post=21303"}],"wp:attachment":[{"href":"https:\/\/uj.adatbank.ro\/lexikon\/wp-json\/wp\/v2\/media?parent=21303"}],"wp:term":[{"taxonomy":"product_brand","embeddable":true,"href":"https:\/\/uj.adatbank.ro\/lexikon\/wp-json\/wp\/v2\/product_brand?post=21303"},{"taxonomy":"product_cat","embeddable":true,"href":"https:\/\/uj.adatbank.ro\/lexikon\/wp-json\/wp\/v2\/product_cat?post=21303"},{"taxonomy":"product_tag","embeddable":true,"href":"https:\/\/uj.adatbank.ro\/lexikon\/wp-json\/wp\/v2\/product_tag?post=21303"}],"curies":[{"name":"wp","href":"https:\/\/api.w.org\/{rel}","templated":true}]}}