{"id":21304,"date":"2025-07-22T19:20:11","date_gmt":"2025-07-22T17:20:11","guid":{"rendered":"https:\/\/uj.adatbank.ro\/lexikon\/termek\/szabo-samuel-abrudbanyai\/"},"modified":"2025-07-22T19:20:11","modified_gmt":"2025-07-22T17:20:11","slug":"szabo-samuel-abrudbanyai","status":"publish","type":"product","link":"https:\/\/uj.adatbank.ro\/lexikon\/termek\/szabo-samuel-abrudbanyai\/","title":{"rendered":"SZAB\u00d3 S\u00e1muel, abrudb\u00e1nyai"},"content":{"rendered":"<p>Abrudb\u00e1nya, 1756, \u2020 Gagy, 1856. szept. 22.: unit. lelk\u00e9sz. \u2013 A kv.-i unit. koll.-ban tanult (1771\u201378). Kv.-ott az unit. egyh\u00e1zk\u00f6zs\u00e9g seg\u00e9dk\u00e1ntora (1778\u2013), Torock\u00f3n tan\u00edt\u00f3 (1781\u201390). B\u00e9csbe (1790), Pr\u00e1ga \u00e9s Drezda felkeres\u00e9se (1791) ut\u00e1n gyalog Lipcs\u00e9be, majd G\u00f6ttingenbe ment, Jen\u00e1ban \u00e9s Regensburgban tart\u00f3zkodott \u00e9s visszat\u00e9rt Erd\u00e9lybe (1792). A homor\u00f3dalm\u00e1si (1793\u2013), a b\u00f6l\u00f6ni zsinat \u201ecensurae praesese\u201d (1795), a sz\u00e9kelykereszt\u00fari Unit. Koll. igazgat\u00f3j\u00e1v\u00e1 v\u00e1lasztott\u00e1k (1795), a koll. igazgat\u00f3ja addig, am\u00edg lemondott igazgat\u00f3i tiszt\u00e9r\u0151l (1796. nov. \u2013 1813. j\u00fal.), ahol a fels\u0151bb oszt\u00e1lyban csaknem minden t\u00e1rgyat \u0151 tan\u00edtott. Olyan j\u00f3l megtanult n\u00e9met\u00fcl, hogy n\u00e9gy reg\u00e9nyt leford\u00edtott, s ezek 1805\u201313 k\u00f6z\u00f6tt megjelentek Pesten. P\u00f3kakereszt\u00farra k\u00f6lt\u00f6z\u00f6tt (1813. j\u00fal.\u2013), a tordai Unit. Gimn. igazgat\u00f3ja (1815\u2013). a kv.-i Unit. Koll.-ban a teol\u00f3gia tan\u00e1ra (1832\u2013), nyugd\u00edjazt\u00e1k (1834). Sz\u00e1z \u00e9ves kor\u00e1ban (1855) a kv.-i zsinaton pr\u00e9dik\u00e1lni akart, meg is irta besz\u00e9d\u00e9t, de gyenges\u00e9ge megg\u00e1tolta elmond\u00e1s\u00e1ban. \u2013 <strong><strong>F. m.<\/strong><\/strong>: Igaz theologus, vagy is egy olyan besz\u00e9lget\u00e9s, mellyben mutogattatik, hogy az igaz theologus a legjobb \u00e9s a legb\u00f6ltsebb ember e vil\u00e1gon, mellyet k\u00e9sz\u00edtett \u00e9s el is mondott B\u00f6l\u00f6nben az unit\u00e1riusok zsinati k\u00f6z\u00f6ns\u00e9ges gy\u0171l\u00e9s\u00e9ben 1795. eszt. (Kv., 1795). Halotti besz\u00e9d sz\u00e9plaki Petrichevich-Horv\u00e1th Ferenc felett, 1805. (Kv., \u00e9.n.); Halotti besz\u00e9d abrudb\u00e1nyai Fikker Ferenc felett, 1822. \u00e1pr. 9. (Kv., \u00e9.n.). T\u00f6bb alkalmi besz\u00e9d\u00e9t is kinyomtatt\u00e1k. K\u00e9ziratban maradt ford\u00edt\u00e1sait eml\u00edti Kazinczy. <br \/><strong>Irod.:<\/strong> Ga\u00e1l 2001; Halotti besz\u00e9dek; Szinnyei; \u00daM\u00c9.<\/br><\/p>\n","protected":false},"excerpt":{"rendered":"<p>Abrudb\u00e1nya, 1756, \u2020 Gagy, 1856. szept. 22.: unit. lelk\u00e9sz. \u2013 A kv.-i unit. koll.-ban tanult (1771\u201378). Kv.-ott az unit. egyh\u00e1zk\u00f6zs\u00e9g seg\u00e9dk\u00e1ntora (1778\u2013), Torock\u00f3n tan\u00edt\u00f3 (1781\u201390). B\u00e9csbe (1790), Pr\u00e1ga \u00e9s Drezda felkeres\u00e9se (1791) ut\u00e1n gyalog Lipcs\u00e9be, majd G\u00f6ttingenbe ment, Jen\u00e1ban \u00e9s Regensburgban tart\u00f3zkodott \u00e9s visszat\u00e9rt Erd\u00e9lybe (1792). A homor\u00f3dalm\u00e1si (1793\u2013), a b\u00f6l\u00f6ni zsinat \u201ecensurae praesese\u201d (1795), [&hellip;]<\/p>\n","protected":false},"featured_media":0,"comment_status":"open","ping_status":"closed","template":"","meta":[],"product_brand":[],"product_cat":[137],"product_tag":[],"class_list":{"0":"post-21304","1":"product","2":"type-product","3":"status-publish","5":"product_cat-maros-megyei-eletrajzi-lexikon","7":"first","8":"instock","9":"shipping-taxable","10":"product-type-simple"},"_links":{"self":[{"href":"https:\/\/uj.adatbank.ro\/lexikon\/wp-json\/wp\/v2\/product\/21304","targetHints":{"allow":["GET"]}}],"collection":[{"href":"https:\/\/uj.adatbank.ro\/lexikon\/wp-json\/wp\/v2\/product"}],"about":[{"href":"https:\/\/uj.adatbank.ro\/lexikon\/wp-json\/wp\/v2\/types\/product"}],"replies":[{"embeddable":true,"href":"https:\/\/uj.adatbank.ro\/lexikon\/wp-json\/wp\/v2\/comments?post=21304"}],"wp:attachment":[{"href":"https:\/\/uj.adatbank.ro\/lexikon\/wp-json\/wp\/v2\/media?parent=21304"}],"wp:term":[{"taxonomy":"product_brand","embeddable":true,"href":"https:\/\/uj.adatbank.ro\/lexikon\/wp-json\/wp\/v2\/product_brand?post=21304"},{"taxonomy":"product_cat","embeddable":true,"href":"https:\/\/uj.adatbank.ro\/lexikon\/wp-json\/wp\/v2\/product_cat?post=21304"},{"taxonomy":"product_tag","embeddable":true,"href":"https:\/\/uj.adatbank.ro\/lexikon\/wp-json\/wp\/v2\/product_tag?post=21304"}],"curies":[{"name":"wp","href":"https:\/\/api.w.org\/{rel}","templated":true}]}}