{"id":21306,"date":"2025-07-22T19:20:16","date_gmt":"2025-07-22T17:20:16","guid":{"rendered":"https:\/\/uj.adatbank.ro\/lexikon\/termek\/szabo-sandor\/"},"modified":"2025-07-22T19:20:16","modified_gmt":"2025-07-22T17:20:16","slug":"szabo-sandor","status":"publish","type":"product","link":"https:\/\/uj.adatbank.ro\/lexikon\/termek\/szabo-sandor\/","title":{"rendered":"SZAB\u00d3 S\u00e1ndor"},"content":{"rendered":"<p>1828? \u2020\u00a0Mv., 1889. \u00e1pr. 19.: ? \u2013 Gyermekei: Sz. J\u00f3zsef, Sz. S\u00e1ndor; Sz. Zsuzsa Sim\u00f3 Gyul\u00e1n\u00e9; Sz. Mari B\u00e1nyai Domokosn\u00e9; Sz. Nina Alm\u00e1si Domokosn\u00e9; Sz. R\u00f3za. <br \/><strong>Irod.:<\/strong> Gy\u00e1szjelent\u0151.<\/br><\/p>\n","protected":false},"excerpt":{"rendered":"<p>1828? \u2020\u00a0Mv., 1889. \u00e1pr. 19.: ? \u2013 Gyermekei: Sz. J\u00f3zsef, Sz. S\u00e1ndor; Sz. Zsuzsa Sim\u00f3 Gyul\u00e1n\u00e9; Sz. Mari B\u00e1nyai Domokosn\u00e9; Sz. Nina Alm\u00e1si Domokosn\u00e9; Sz. R\u00f3za. Irod.: Gy\u00e1szjelent\u0151.<\/p>\n","protected":false},"featured_media":0,"comment_status":"open","ping_status":"closed","template":"","meta":[],"product_brand":[],"product_cat":[137],"product_tag":[],"class_list":{"0":"post-21306","1":"product","2":"type-product","3":"status-publish","5":"product_cat-maros-megyei-eletrajzi-lexikon","7":"first","8":"instock","9":"shipping-taxable","10":"product-type-simple"},"_links":{"self":[{"href":"https:\/\/uj.adatbank.ro\/lexikon\/wp-json\/wp\/v2\/product\/21306","targetHints":{"allow":["GET"]}}],"collection":[{"href":"https:\/\/uj.adatbank.ro\/lexikon\/wp-json\/wp\/v2\/product"}],"about":[{"href":"https:\/\/uj.adatbank.ro\/lexikon\/wp-json\/wp\/v2\/types\/product"}],"replies":[{"embeddable":true,"href":"https:\/\/uj.adatbank.ro\/lexikon\/wp-json\/wp\/v2\/comments?post=21306"}],"wp:attachment":[{"href":"https:\/\/uj.adatbank.ro\/lexikon\/wp-json\/wp\/v2\/media?parent=21306"}],"wp:term":[{"taxonomy":"product_brand","embeddable":true,"href":"https:\/\/uj.adatbank.ro\/lexikon\/wp-json\/wp\/v2\/product_brand?post=21306"},{"taxonomy":"product_cat","embeddable":true,"href":"https:\/\/uj.adatbank.ro\/lexikon\/wp-json\/wp\/v2\/product_cat?post=21306"},{"taxonomy":"product_tag","embeddable":true,"href":"https:\/\/uj.adatbank.ro\/lexikon\/wp-json\/wp\/v2\/product_tag?post=21306"}],"curies":[{"name":"wp","href":"https:\/\/api.w.org\/{rel}","templated":true}]}}