{"id":21307,"date":"2025-07-22T19:20:17","date_gmt":"2025-07-22T17:20:17","guid":{"rendered":"https:\/\/uj.adatbank.ro\/lexikon\/termek\/szabo-sandor-2\/"},"modified":"2025-07-22T19:20:17","modified_gmt":"2025-07-22T17:20:17","slug":"szabo-sandor-2","status":"publish","type":"product","link":"https:\/\/uj.adatbank.ro\/lexikon\/termek\/szabo-sandor-2\/","title":{"rendered":"SZAB\u00d3 S\u00e1ndor"},"content":{"rendered":"<p>Magyarp\u00e9terlaka, 1946. szept. 27., \u2020\u00a0Ny\u00e1r\u00e1dremete, 2010. febr. 24.: r. k. pap. \u2013 Gyulafeh\u00e9rv\u00e1ron a Hittudom\u00e1nyi F\u0151iskol\u00e1n v\u00e9gezte teol\u00f3giai tanulm\u00e1nyait, majd papp\u00e1 szentelt\u00e9k (1977. j\u00fan. 19.). K\u00e1pl\u00e1n volt Gyergy\u00f3csomafalv\u00e1n (1977\u2013), Ditr\u00f3ban (1979), pl\u00e9b\u00e1nos Uzonban (1980\u201388), Lemh\u00e9nyben (1988\u20132000) \u00e9s hal\u00e1l\u00e1ig Ny\u00e1r\u00e1dremet\u00e9n (2000\u20132010). <br \/><strong>Irod.:<\/strong> Ferenczi S\u00e1ndor 2009; [Nekrol\u00f3g] (N\u00fa., 2010. febr. 26.).<\/br><\/p>\n","protected":false},"excerpt":{"rendered":"<p>Magyarp\u00e9terlaka, 1946. szept. 27., \u2020\u00a0Ny\u00e1r\u00e1dremete, 2010. febr. 24.: r. k. pap. \u2013 Gyulafeh\u00e9rv\u00e1ron a Hittudom\u00e1nyi F\u0151iskol\u00e1n v\u00e9gezte teol\u00f3giai tanulm\u00e1nyait, majd papp\u00e1 szentelt\u00e9k (1977. j\u00fan. 19.). K\u00e1pl\u00e1n volt Gyergy\u00f3csomafalv\u00e1n (1977\u2013), Ditr\u00f3ban (1979), pl\u00e9b\u00e1nos Uzonban (1980\u201388), Lemh\u00e9nyben (1988\u20132000) \u00e9s hal\u00e1l\u00e1ig Ny\u00e1r\u00e1dremet\u00e9n (2000\u20132010). Irod.: Ferenczi S\u00e1ndor 2009; [Nekrol\u00f3g] (N\u00fa., 2010. febr. 26.).<\/p>\n","protected":false},"featured_media":0,"comment_status":"open","ping_status":"closed","template":"","meta":[],"product_brand":[],"product_cat":[137],"product_tag":[],"class_list":{"0":"post-21307","1":"product","2":"type-product","3":"status-publish","5":"product_cat-maros-megyei-eletrajzi-lexikon","7":"first","8":"instock","9":"shipping-taxable","10":"product-type-simple"},"_links":{"self":[{"href":"https:\/\/uj.adatbank.ro\/lexikon\/wp-json\/wp\/v2\/product\/21307","targetHints":{"allow":["GET"]}}],"collection":[{"href":"https:\/\/uj.adatbank.ro\/lexikon\/wp-json\/wp\/v2\/product"}],"about":[{"href":"https:\/\/uj.adatbank.ro\/lexikon\/wp-json\/wp\/v2\/types\/product"}],"replies":[{"embeddable":true,"href":"https:\/\/uj.adatbank.ro\/lexikon\/wp-json\/wp\/v2\/comments?post=21307"}],"wp:attachment":[{"href":"https:\/\/uj.adatbank.ro\/lexikon\/wp-json\/wp\/v2\/media?parent=21307"}],"wp:term":[{"taxonomy":"product_brand","embeddable":true,"href":"https:\/\/uj.adatbank.ro\/lexikon\/wp-json\/wp\/v2\/product_brand?post=21307"},{"taxonomy":"product_cat","embeddable":true,"href":"https:\/\/uj.adatbank.ro\/lexikon\/wp-json\/wp\/v2\/product_cat?post=21307"},{"taxonomy":"product_tag","embeddable":true,"href":"https:\/\/uj.adatbank.ro\/lexikon\/wp-json\/wp\/v2\/product_tag?post=21307"}],"curies":[{"name":"wp","href":"https:\/\/api.w.org\/{rel}","templated":true}]}}