{"id":21308,"date":"2025-07-22T19:20:22","date_gmt":"2025-07-22T17:20:22","guid":{"rendered":"https:\/\/uj.adatbank.ro\/lexikon\/termek\/szabo-sandor-3\/"},"modified":"2025-07-22T19:20:22","modified_gmt":"2025-07-22T17:20:22","slug":"szabo-sandor-3","status":"publish","type":"product","link":"https:\/\/uj.adatbank.ro\/lexikon\/termek\/szabo-sandor-3\/","title":{"rendered":"SZAB\u00d3 S\u00e1ndor"},"content":{"rendered":"<p>1929?, \u2020\u00a0Mv., 2022. nov. 22.: tan\u00e1r. \u2013 T\u00f6rt\u00e9nelemtan\u00e1r. <br \/><strong>Irod.:<\/strong> Nekrol\u00f3g, (N\u00fa., 2022. nov. 24.<\/br><\/p>\n","protected":false},"excerpt":{"rendered":"<p>1929?, \u2020\u00a0Mv., 2022. nov. 22.: tan\u00e1r. \u2013 T\u00f6rt\u00e9nelemtan\u00e1r. Irod.: Nekrol\u00f3g, (N\u00fa., 2022. nov. 24.<\/p>\n","protected":false},"featured_media":0,"comment_status":"open","ping_status":"closed","template":"","meta":[],"product_brand":[],"product_cat":[137],"product_tag":[],"class_list":{"0":"post-21308","1":"product","2":"type-product","3":"status-publish","5":"product_cat-maros-megyei-eletrajzi-lexikon","7":"first","8":"instock","9":"shipping-taxable","10":"product-type-simple"},"_links":{"self":[{"href":"https:\/\/uj.adatbank.ro\/lexikon\/wp-json\/wp\/v2\/product\/21308","targetHints":{"allow":["GET"]}}],"collection":[{"href":"https:\/\/uj.adatbank.ro\/lexikon\/wp-json\/wp\/v2\/product"}],"about":[{"href":"https:\/\/uj.adatbank.ro\/lexikon\/wp-json\/wp\/v2\/types\/product"}],"replies":[{"embeddable":true,"href":"https:\/\/uj.adatbank.ro\/lexikon\/wp-json\/wp\/v2\/comments?post=21308"}],"wp:attachment":[{"href":"https:\/\/uj.adatbank.ro\/lexikon\/wp-json\/wp\/v2\/media?parent=21308"}],"wp:term":[{"taxonomy":"product_brand","embeddable":true,"href":"https:\/\/uj.adatbank.ro\/lexikon\/wp-json\/wp\/v2\/product_brand?post=21308"},{"taxonomy":"product_cat","embeddable":true,"href":"https:\/\/uj.adatbank.ro\/lexikon\/wp-json\/wp\/v2\/product_cat?post=21308"},{"taxonomy":"product_tag","embeddable":true,"href":"https:\/\/uj.adatbank.ro\/lexikon\/wp-json\/wp\/v2\/product_tag?post=21308"}],"curies":[{"name":"wp","href":"https:\/\/api.w.org\/{rel}","templated":true}]}}