{"id":21309,"date":"2025-07-22T19:20:23","date_gmt":"2025-07-22T17:20:23","guid":{"rendered":"https:\/\/uj.adatbank.ro\/lexikon\/termek\/szabo-sandor-felfalusi\/"},"modified":"2025-07-22T19:20:23","modified_gmt":"2025-07-22T17:20:23","slug":"szabo-sandor-felfalusi","status":"publish","type":"product","link":"https:\/\/uj.adatbank.ro\/lexikon\/termek\/szabo-sandor-felfalusi\/","title":{"rendered":"SZAB\u00d3 S\u00e1ndor, felfalusi"},"content":{"rendered":"<p>Mez\u0151cs\u00e1v\u00e1s, 1878., \u2020?: gazd\u00e1lkod\u00f3. \u2013 Iskol\u00e1i elv\u00e9gz\u00e9se ut\u00e1n gazd\u00e1lkodni tanult, majd \u00f6n\u00e1ll\u00f3 lett (1900\u2013) sz\u00fcl\u0151faluj\u00e1ban. Az els\u0151 vh.-ban a 22. gy. ezredben az orosz fronton harcolt, fogs\u00e1gba esett, mint szakaszvezet\u0151 szerelt le (1918), a II. o. ez\u00fcst vit. \u00e9rem \u00e9s a K\u00e1roly Csapatkereszt kit\u00fcntet\u00e9ssel. A MP \u00e9s az EGE tagja, a Sz\u00f6vetkezet ig. tagja, k\u00f6zs\u00e9gi tan\u00e1cstag., a ref. egyh\u00e1z presbitere \u00e9s gondnoka volt. <br \/><strong>Irod.:<\/strong> Sz\u00e9kelyf\u00f6ld \u00ed. k.<\/br><\/p>\n","protected":false},"excerpt":{"rendered":"<p>Mez\u0151cs\u00e1v\u00e1s, 1878., \u2020?: gazd\u00e1lkod\u00f3. \u2013 Iskol\u00e1i elv\u00e9gz\u00e9se ut\u00e1n gazd\u00e1lkodni tanult, majd \u00f6n\u00e1ll\u00f3 lett (1900\u2013) sz\u00fcl\u0151faluj\u00e1ban. Az els\u0151 vh.-ban a 22. gy. ezredben az orosz fronton harcolt, fogs\u00e1gba esett, mint szakaszvezet\u0151 szerelt le (1918), a II. o. ez\u00fcst vit. \u00e9rem \u00e9s a K\u00e1roly Csapatkereszt kit\u00fcntet\u00e9ssel. A MP \u00e9s az EGE tagja, a Sz\u00f6vetkezet ig. tagja, k\u00f6zs\u00e9gi [&hellip;]<\/p>\n","protected":false},"featured_media":0,"comment_status":"open","ping_status":"closed","template":"","meta":[],"product_brand":[],"product_cat":[137],"product_tag":[],"class_list":{"0":"post-21309","1":"product","2":"type-product","3":"status-publish","5":"product_cat-maros-megyei-eletrajzi-lexikon","7":"first","8":"instock","9":"shipping-taxable","10":"product-type-simple"},"_links":{"self":[{"href":"https:\/\/uj.adatbank.ro\/lexikon\/wp-json\/wp\/v2\/product\/21309","targetHints":{"allow":["GET"]}}],"collection":[{"href":"https:\/\/uj.adatbank.ro\/lexikon\/wp-json\/wp\/v2\/product"}],"about":[{"href":"https:\/\/uj.adatbank.ro\/lexikon\/wp-json\/wp\/v2\/types\/product"}],"replies":[{"embeddable":true,"href":"https:\/\/uj.adatbank.ro\/lexikon\/wp-json\/wp\/v2\/comments?post=21309"}],"wp:attachment":[{"href":"https:\/\/uj.adatbank.ro\/lexikon\/wp-json\/wp\/v2\/media?parent=21309"}],"wp:term":[{"taxonomy":"product_brand","embeddable":true,"href":"https:\/\/uj.adatbank.ro\/lexikon\/wp-json\/wp\/v2\/product_brand?post=21309"},{"taxonomy":"product_cat","embeddable":true,"href":"https:\/\/uj.adatbank.ro\/lexikon\/wp-json\/wp\/v2\/product_cat?post=21309"},{"taxonomy":"product_tag","embeddable":true,"href":"https:\/\/uj.adatbank.ro\/lexikon\/wp-json\/wp\/v2\/product_tag?post=21309"}],"curies":[{"name":"wp","href":"https:\/\/api.w.org\/{rel}","templated":true}]}}